{"id":14944,"date":"2025-04-15T15:52:44","date_gmt":"2025-04-15T13:52:44","guid":{"rendered":"https:\/\/vossgass.no\/produkt\/fermzilla-30l-all-rounder\/"},"modified":"2026-03-28T13:36:15","modified_gmt":"2026-03-28T12:36:15","slug":"fermzilla-30l-all-rounder","status":"publish","type":"product","link":"https:\/\/vossgass.no\/en\/product\/fermzilla-30l-all-rounder\/","title":{"rendered":"FermZilla 30L All Rounder"},"content":{"rendered":"","protected":false},"excerpt":{"rendered":"<p>FermZilla 30L All Rounder er en perfekt gj\u00e6ringstank hvor man har mulighet for \u00e5 gj\u00e6re under trykk, tvangskarbonere og servere i fra samme tank! Den har langt flere bruksomr\u00e5der enn FermZilla Flat Bottom, samtidig som den er rimeligere og en verdig konkurrent til FermZilla Conical.<\/p>\n<p>Denne gj\u00e6ringstanken er laget av gjennomsiktig PET med glatt overflate og et stort 120mm lokk p\u00e5 toppen som gj\u00f8r den sv\u00e6rt enkel \u00e5 rengj\u00f8re. Tanken kan ogs\u00e5 settes opp ned i stativet slik at alt renner ut etter rengj\u00f8ring.<\/p>\n<p>Gj\u00e6ringstanken er trykktestet for opp til 2,4 bar. Den kan derfor brukes til \u00e5 gj\u00e6re under trykk, eller tvangskarbonere direkte med CO2. Med et Pressure Kit og et slangesett for lukket overf\u00f8ring kan man her s\u00f8rge for en helt oksygenfri overf\u00f8ring av \u00f8let til corneliusfat, noe som vil heve kvaliteten p\u00e5 det ferdige \u00f8let betraktelig! Om \u00f8nskelig kan man servere direkte fra gj\u00e6ringstanken.<\/p>\n<p>Tanken er helt gjennomsiktig, slik at man har full kontroll p\u00e5 hvordan det g\u00e5r med gj\u00e6ringen fra start til slutt, og hvordan sedimentene bunnfeller f.eks ved cold-crashing.<\/p>\n<p>Viktig: Tanken m\u00e5 ikke fylles med v\u00e6ske varmere enn 50\u00b0C, da vil plasten deformeres. Tankene trykktestes f\u00f8r utsending. Det anbefales \u00e5 teste tanken p\u00e5 nytt etter 2 \u00e5r.<\/p>\n<p>Tanken kommer ferdig trykktestet fra fabrikk, med en p\u00e5stemplet dato. N\u00e5r denne passerer m\u00e5 tanken trykktestes for videre sikker bruk under trykk. Merk at FermZilla tanken kan bli levert med kort tid igjen fra fabrikkens trykktesting.<\/p>\n<p>OBS: Ved rengj\u00f8ring med PBW eller lignende vaskemiddel som inneholder Sodium Metasilicate er det viktig \u00e5 ikke ha for lang kontakttid. Dette gjelder alle typer PET gj\u00e6ringskar. Det anbefales derfor aldri \u00e5 ha PBW blanding i tanken lengre enn 20 minutter. Max effekt av PBW er forventet etter 10 minutter, og tid utover dette vil bare skade plasten.<\/p>\n<p>Vi anbefaler ogs\u00e5 FermZilla All Rounder 60L dersom det brygges opp til 50 liter av gangen.<\/p>\n<p>Inkludert:<\/p>\n<p>1 x All rounder tank<br \/>\n1 x stativ i rustfritt st\u00e5l<br \/>\n1 x Gj\u00e6rl\u00e5s<br \/>\n1 x Lokk med 2,5bar overtrykksventil<br \/>\n1 x H\u00e5ndtak i rustfritt st\u00e5l<br \/>\n1 x Stick-on termometer<br \/>\n1 x klistremerke med literm\u00e5l<\/p>","protected":false},"featured_media":16385,"comment_status":"open","ping_status":"closed","template":"","meta":[],"product_brand":[],"product_cat":[256,91],"product_tag":[],"class_list":{"0":"post-14944","1":"product","2":"type-product","3":"status-publish","4":"has-post-thumbnail","6":"product_cat-bryggeutstyr-heimabrygg","7":"product_cat-heimabrygg","9":"first","10":"instock","11":"taxable","12":"shipping-taxable","13":"purchasable","14":"product-type-simple"},"_links":{"self":[{"href":"https:\/\/vossgass.no\/en\/wp-json\/wp\/v2\/product\/14944","targetHints":{"allow":["GET"]}}],"collection":[{"href":"https:\/\/vossgass.no\/en\/wp-json\/wp\/v2\/product"}],"about":[{"href":"https:\/\/vossgass.no\/en\/wp-json\/wp\/v2\/types\/product"}],"replies":[{"embeddable":true,"href":"https:\/\/vossgass.no\/en\/wp-json\/wp\/v2\/comments?post=14944"}],"wp:featuredmedia":[{"embeddable":true,"href":"https:\/\/vossgass.no\/en\/wp-json\/wp\/v2\/media\/16385"}],"wp:attachment":[{"href":"https:\/\/vossgass.no\/en\/wp-json\/wp\/v2\/media?parent=14944"}],"wp:term":[{"taxonomy":"product_brand","embeddable":true,"href":"https:\/\/vossgass.no\/en\/wp-json\/wp\/v2\/product_brand?post=14944"},{"taxonomy":"product_cat","embeddable":true,"href":"https:\/\/vossgass.no\/en\/wp-json\/wp\/v2\/product_cat?post=14944"},{"taxonomy":"product_tag","embeddable":true,"href":"https:\/\/vossgass.no\/en\/wp-json\/wp\/v2\/product_tag?post=14944"}],"curies":[{"name":"wp","href":"https:\/\/api.w.org\/{rel}","templated":true}]}}