{"id":14941,"date":"2025-04-15T15:52:17","date_gmt":"2025-04-15T13:52:17","guid":{"rendered":"https:\/\/vossgass.no\/produkt\/hevert-m-pumpe-stor\/"},"modified":"2026-04-27T14:16:17","modified_gmt":"2026-04-27T12:16:17","slug":"hevert-m-pumpe-stor","status":"publish","type":"product","link":"https:\/\/vossgass.no\/en\/product\/hevert-m-pumpe-stor\/","title":{"rendered":"Hevert m\/pumpe Stor"},"content":{"rendered":"","protected":false},"excerpt":{"rendered":"<p>Hevert med pumpe. Du trenger ikke suge p\u00e5 slangen, bare pumpe og den setter i gang automatisk. Veldig nyttig for \u00e5 unng\u00e5 infeksjoner.<\/p>\n<p>Lengde p\u00e5 stigr\u00f8r er 62cm<\/p>\n<p>Det anbefales \u00e5 ta ut inner-r\u00f8ret f\u00f8r den legges til oppbevaring for \u00e5 \u00f8ke levetiden p\u00e5 pakningen.<\/p>","protected":false},"featured_media":16382,"comment_status":"open","ping_status":"closed","template":"","meta":[],"product_brand":[],"product_cat":[257,91],"product_tag":[],"class_list":{"0":"post-14941","1":"product","2":"type-product","3":"status-publish","4":"has-post-thumbnail","6":"product_cat-gjaering-heimabrygg","7":"product_cat-heimabrygg","9":"first","10":"outofstock","11":"taxable","12":"shipping-taxable","13":"purchasable","14":"product-type-simple"},"_links":{"self":[{"href":"https:\/\/vossgass.no\/en\/wp-json\/wp\/v2\/product\/14941","targetHints":{"allow":["GET"]}}],"collection":[{"href":"https:\/\/vossgass.no\/en\/wp-json\/wp\/v2\/product"}],"about":[{"href":"https:\/\/vossgass.no\/en\/wp-json\/wp\/v2\/types\/product"}],"replies":[{"embeddable":true,"href":"https:\/\/vossgass.no\/en\/wp-json\/wp\/v2\/comments?post=14941"}],"wp:featuredmedia":[{"embeddable":true,"href":"https:\/\/vossgass.no\/en\/wp-json\/wp\/v2\/media\/16382"}],"wp:attachment":[{"href":"https:\/\/vossgass.no\/en\/wp-json\/wp\/v2\/media?parent=14941"}],"wp:term":[{"taxonomy":"product_brand","embeddable":true,"href":"https:\/\/vossgass.no\/en\/wp-json\/wp\/v2\/product_brand?post=14941"},{"taxonomy":"product_cat","embeddable":true,"href":"https:\/\/vossgass.no\/en\/wp-json\/wp\/v2\/product_cat?post=14941"},{"taxonomy":"product_tag","embeddable":true,"href":"https:\/\/vossgass.no\/en\/wp-json\/wp\/v2\/product_tag?post=14941"}],"curies":[{"name":"wp","href":"https:\/\/api.w.org\/{rel}","templated":true}]}}