{"id":14934,"date":"2025-04-15T15:51:22","date_gmt":"2025-04-15T13:51:22","guid":{"rendered":"https:\/\/vossgass.no\/produkt\/slange-8mm-evabarrier\/"},"modified":"2026-04-23T15:11:33","modified_gmt":"2026-04-23T13:11:33","slug":"slange-8mm-evabarrier","status":"publish","type":"product","link":"https:\/\/vossgass.no\/en\/product\/slange-8mm-evabarrier\/","title":{"rendered":"Slange 8mm EVABarrier"},"content":{"rendered":"","protected":false},"excerpt":{"rendered":"<p>8mm x 5mm EVABarrier\u00ae er diffusjonstett slange for \u00f8l og co2.<\/p>\n<p>Pris gjelder for 12 meter.<\/p>\n<p>Tips til montering p\u00e5 slangenippel: Varm opp slangen i litt varmt vann og benytt en spiss tang eller lignende for \u00e5 utvide slangen.<\/p>\n<p>Utvendig m\u00e5l er 8mm slik at denne passer i Duothight og John Guest hurtigkoblinger med 8mm eller 5\/16&#8243; koblinger.<\/p>\n<p>Innvendig m\u00e5l er 5mm (13\/64&#8243;). Benytt denne slangedimensjonen for tappelinjer som er ca 3-4 meter for \u00e5 gi optimal gjennomstr\u00f8mningsmotstand. Hvis tappelinjen er kortere b\u00f8r du velge en slange med 4mm innvendig diameter. Se &laquo;alternativer&raquo; lenger ned p\u00e5 denne siden for \u00e5 se EVABarrier\u00ae slanger i andre dimensjoner.<\/p>\n<p>Denne slangen er utviklet av KegLand i Australia. Mange andre slanger for \u00f8l og co2 er normalt ikke diffusjonstette. KegLand har derfor laget en 2-lags slange hvor det utvendige laget er av Ethylene Vinyl Acetate (EVA), et ekstremt fleksibelt og robust plastmateriale som kan b\u00f8yes uten \u00e5 kollapse eller knekke. Dette materialet gj\u00f8r ogs\u00e5 at slangen tetter godt i Duotight og John Guest hurtigkoblinger. Det innvendige laget er av propriet\u00e6re polymer og som gj\u00f8r slangen diffusjonstett, og dette forhindrer dermed CO2 i \u00e5 lekke ut gjennom slangeveggen, eller \u00e5 la oksygen trenge inn i \u00f8let i slangen. Dermed unng\u00e5r du at \u00f8let som st\u00e5r i slangen en tid blir \u00f8delagt. Innvendig er overflaten sv\u00e6rt glatt, men minimal friksjon for \u00f8let, samtidig som det gj\u00f8r det vanskelig for urenheter, bakterier, mikrober el \u00e5 feste seg.<\/p>\n<p>Trykk-toleranse (med 50% sikkerhetsmargin):<br \/>\nved 30C: 200psi \/ 1,4MPa<br \/>\nved 50C: 100psi \/ 0,7MPa<\/p>\n<p>Omregning tommer til mm:<br \/>\nS\u00f8rg for \u00e5 velge en r\u00f8r- og slangedimensjon som passer til dine hurtigkoblinger:<br \/>\n3\/8&#8243; er litt mindre enn 10mm<br \/>\n5\/16&#8243; er det samme som 8mm<br \/>\n1\/4&#8243; er litt mer enn 6mm<\/p>","protected":false},"featured_media":16375,"comment_status":"open","ping_status":"closed","template":"","meta":[],"product_brand":[],"product_cat":[257,91],"product_tag":[],"class_list":{"0":"post-14934","1":"product","2":"type-product","3":"status-publish","4":"has-post-thumbnail","6":"product_cat-gjaering-heimabrygg","7":"product_cat-heimabrygg","9":"first","10":"instock","11":"taxable","12":"shipping-taxable","13":"purchasable","14":"product-type-simple"},"_links":{"self":[{"href":"https:\/\/vossgass.no\/en\/wp-json\/wp\/v2\/product\/14934","targetHints":{"allow":["GET"]}}],"collection":[{"href":"https:\/\/vossgass.no\/en\/wp-json\/wp\/v2\/product"}],"about":[{"href":"https:\/\/vossgass.no\/en\/wp-json\/wp\/v2\/types\/product"}],"replies":[{"embeddable":true,"href":"https:\/\/vossgass.no\/en\/wp-json\/wp\/v2\/comments?post=14934"}],"wp:featuredmedia":[{"embeddable":true,"href":"https:\/\/vossgass.no\/en\/wp-json\/wp\/v2\/media\/16375"}],"wp:attachment":[{"href":"https:\/\/vossgass.no\/en\/wp-json\/wp\/v2\/media?parent=14934"}],"wp:term":[{"taxonomy":"product_brand","embeddable":true,"href":"https:\/\/vossgass.no\/en\/wp-json\/wp\/v2\/product_brand?post=14934"},{"taxonomy":"product_cat","embeddable":true,"href":"https:\/\/vossgass.no\/en\/wp-json\/wp\/v2\/product_cat?post=14934"},{"taxonomy":"product_tag","embeddable":true,"href":"https:\/\/vossgass.no\/en\/wp-json\/wp\/v2\/product_tag?post=14934"}],"curies":[{"name":"wp","href":"https:\/\/api.w.org\/{rel}","templated":true}]}}