{"id":14928,"date":"2025-04-15T15:50:06","date_gmt":"2025-04-15T13:50:06","guid":{"rendered":"https:\/\/vossgass.no\/produkt\/magnetpumpe-25-watt\/"},"modified":"2025-12-12T15:07:57","modified_gmt":"2025-12-12T14:07:57","slug":"magnetpumpe-25-watt","status":"publish","type":"product","link":"https:\/\/vossgass.no\/en\/product\/magnetpumpe-25-watt\/","title":{"rendered":"Magnetpumpe 25 watt"},"content":{"rendered":"","protected":false},"excerpt":{"rendered":"<p>Dette er den ideelle magnetpumpen for hjemmebryggere. T\u00e5ler opp til 120 grader, s\u00e5 denne kan fint sirkulere kokende v\u00f8rter kontinuerlig.<\/p>\n<p>En 1\/2&#8243; kuleventil er anbefalt p\u00e5 utgangen av pumpen for \u00e5 justere flow hastighet dersom du bruker denne til f.eks sirkulering under mesk. Motstand i sirkuleringen vil ikke v\u00e6re skadelig for pumpen. Merk at pumpen ikke har sugeevne, men dytter ganske enkelt v\u00e6sken videre. Den m\u00e5 derfor v\u00e6re plassert lavere enn beholderen det skal pumpes fra. Pumpen m\u00e5 ikke kj\u00f8res t\u00f8rr. Pumpen kan ikke nedsenkes.<\/p>\n<p>Spesifikasjoner:<br \/>\nVolt: 220-240, 50-60hz<br \/>\nMax pumpeh\u00f8yde: 3,4 meter<br \/>\nMax flow: 19L\/min<br \/>\nEU standard str\u00f8mledning<br \/>\nGjenger: 1\/2&#8243; BSP inn\/ut<\/p>","protected":false},"featured_media":16369,"comment_status":"open","ping_status":"closed","template":"","meta":[],"product_brand":[],"product_cat":[256,91],"product_tag":[],"class_list":{"0":"post-14928","1":"product","2":"type-product","3":"status-publish","4":"has-post-thumbnail","6":"product_cat-bryggeutstyr-heimabrygg","7":"product_cat-heimabrygg","9":"first","10":"outofstock","11":"taxable","12":"shipping-taxable","13":"purchasable","14":"product-type-simple"},"_links":{"self":[{"href":"https:\/\/vossgass.no\/en\/wp-json\/wp\/v2\/product\/14928","targetHints":{"allow":["GET"]}}],"collection":[{"href":"https:\/\/vossgass.no\/en\/wp-json\/wp\/v2\/product"}],"about":[{"href":"https:\/\/vossgass.no\/en\/wp-json\/wp\/v2\/types\/product"}],"replies":[{"embeddable":true,"href":"https:\/\/vossgass.no\/en\/wp-json\/wp\/v2\/comments?post=14928"}],"wp:featuredmedia":[{"embeddable":true,"href":"https:\/\/vossgass.no\/en\/wp-json\/wp\/v2\/media\/16369"}],"wp:attachment":[{"href":"https:\/\/vossgass.no\/en\/wp-json\/wp\/v2\/media?parent=14928"}],"wp:term":[{"taxonomy":"product_brand","embeddable":true,"href":"https:\/\/vossgass.no\/en\/wp-json\/wp\/v2\/product_brand?post=14928"},{"taxonomy":"product_cat","embeddable":true,"href":"https:\/\/vossgass.no\/en\/wp-json\/wp\/v2\/product_cat?post=14928"},{"taxonomy":"product_tag","embeddable":true,"href":"https:\/\/vossgass.no\/en\/wp-json\/wp\/v2\/product_tag?post=14928"}],"curies":[{"name":"wp","href":"https:\/\/api.w.org\/{rel}","templated":true}]}}