{"id":14925,"date":"2025-04-15T15:49:44","date_gmt":"2025-04-15T13:49:44","guid":{"rendered":"https:\/\/vossgass.no\/produkt\/digiboil-35-35-liters-kokeapparat-fra-kegland\/"},"modified":"2025-12-09T15:58:23","modified_gmt":"2025-12-09T14:58:23","slug":"digiboil-35-35-liters-kokeapparat-fra-kegland","status":"publish","type":"product","link":"https:\/\/vossgass.no\/en\/product\/digiboil-35-35-liters-kokeapparat-fra-kegland\/","title":{"rendered":"DigiBoil 35. 35 liters kokeapparat fra Kegland"},"content":{"rendered":"","protected":false},"excerpt":{"rendered":"<p>Digiboil fra Kegland er et 35 liters kokeapparat i rustfritt st\u00e5l med digital temperaturkontroller. Perfekt som vannvarmer, eller til BIAB brygging. Kombiner denne med en silbunn, meskepose og en kj\u00f8ler s\u00e5 har du et rimelig fullverdig bryggeapparat!<\/p>\n<p>Temperaturkontrolleren har et stort tydelig display, der temperatur kan stilles fra 0-140 grader celsius med 1 grader celcius n\u00f8yaktighet. Dette gj\u00f8r apparatet ogs\u00e5 egnet til bruk utenfor brygging, f.eks til sous vide matlaging, som krabbekoker, pinnekj\u00f8tt osv.<\/p>\n<p>Apparatet er utstyrt med kran i rustfritt st\u00e5l med 1\/2&#8243; gjenger og slangenippel, for enkel tilkobling av annet utstyr som f.eks sirkulasjonspumpe.<\/p>\n<p>Markering for literm\u00e5l og gallon, +\/- 1 liter n\u00f8yaktighet.<br \/>\n1\/2\u201d BSP rustfri kran med 13mm slangenippel<br \/>\nBrytere for 2 varmeelementer (1900w and 500w)<br \/>\nLett \u00e5 bruke<br \/>\nFlott for bruk som vannvarmer til brygging<br \/>\nSkjult varmeelement for enkel rengj\u00f8ring<br \/>\nKan ogs\u00e5 fint brukes til sous vide matlaging<br \/>\nBryggerens h\u00f8yde: 67cm<br \/>\nH\u00f8yde med silkar i \u00f8verste posisjon: 111cm<br \/>\nDiameter: 31cm (ex sirkulasjonsr\u00f8r, kran og display)<\/p>","protected":false},"featured_media":16366,"comment_status":"open","ping_status":"closed","template":"","meta":[],"product_brand":[],"product_cat":[256,91],"product_tag":[],"class_list":{"0":"post-14925","1":"product","2":"type-product","3":"status-publish","4":"has-post-thumbnail","6":"product_cat-bryggeutstyr-heimabrygg","7":"product_cat-heimabrygg","8":"product_shipping_class-kan-ikke-sendes","10":"first","11":"outofstock","12":"taxable","13":"shipping-taxable","14":"purchasable","15":"product-type-simple"},"_links":{"self":[{"href":"https:\/\/vossgass.no\/en\/wp-json\/wp\/v2\/product\/14925","targetHints":{"allow":["GET"]}}],"collection":[{"href":"https:\/\/vossgass.no\/en\/wp-json\/wp\/v2\/product"}],"about":[{"href":"https:\/\/vossgass.no\/en\/wp-json\/wp\/v2\/types\/product"}],"replies":[{"embeddable":true,"href":"https:\/\/vossgass.no\/en\/wp-json\/wp\/v2\/comments?post=14925"}],"wp:featuredmedia":[{"embeddable":true,"href":"https:\/\/vossgass.no\/en\/wp-json\/wp\/v2\/media\/16366"}],"wp:attachment":[{"href":"https:\/\/vossgass.no\/en\/wp-json\/wp\/v2\/media?parent=14925"}],"wp:term":[{"taxonomy":"product_brand","embeddable":true,"href":"https:\/\/vossgass.no\/en\/wp-json\/wp\/v2\/product_brand?post=14925"},{"taxonomy":"product_cat","embeddable":true,"href":"https:\/\/vossgass.no\/en\/wp-json\/wp\/v2\/product_cat?post=14925"},{"taxonomy":"product_tag","embeddable":true,"href":"https:\/\/vossgass.no\/en\/wp-json\/wp\/v2\/product_tag?post=14925"}],"curies":[{"name":"wp","href":"https:\/\/api.w.org\/{rel}","templated":true}]}}