{"id":14896,"date":"2025-04-15T15:44:02","date_gmt":"2025-04-15T13:44:02","guid":{"rendered":"https:\/\/vossgass.no\/produkt\/gassovn-miniflame-v16\/"},"modified":"2026-02-21T13:19:46","modified_gmt":"2026-02-21T12:19:46","slug":"gassovn-miniflame-v16","status":"publish","type":"product","link":"https:\/\/vossgass.no\/en\/product\/gassovn-miniflame-v16\/","title":{"rendered":"Gassovn Miniflame V16"},"content":{"rendered":"","protected":false},"excerpt":{"rendered":"<p>Miniflame V16 er en flyttbar gassovn som raskt varmer opp rommet.<\/p>\n<p>Kan henges p\u00e5 vegg eller st\u00e5 p\u00e5 gulv<br \/>\nGodt egnet i mindre rom, anneks, toalettrom etc.<br \/>\nStr\u00e5levarme<br \/>\nHurtig oppvarming<\/p>\n<p>Ovnen har en ren og luktfri forbrenning, og krever ingen installasjon. Miniflame gir minimalt 630 watt og maksimalt 1550 watt effekt, noe som gj\u00f8r at den er spesielt godt egnet i mindre rom i hus, hytte eller campingvogn. Miniflame kan st\u00e5 p\u00e5 gulv, eller monteres p\u00e5 vegg (veggbrakett er tilleggsutstyr). Ved veggmontering m\u00e5 gassflasken st\u00e5 i n\u00e6rheten av ovnen dersom du ikke har lagt inn r\u00f8ropplegg p\u00e5 hytta.<\/p>\n<p>Med piezotenning. Med tennsikring og CO2-sikring.<\/p>\n<p>Leveres uten gassregulatorsett.<\/p>\n<p>Dette produktet er ikke ment for prim\u00e6roppvarming.<\/p>","protected":false},"featured_media":16337,"comment_status":"open","ping_status":"closed","template":"","meta":[],"product_brand":[],"product_cat":[626,260,262],"product_tag":[],"class_list":{"0":"post-14896","1":"product","2":"type-product","3":"status-publish","4":"has-post-thumbnail","6":"product_cat-gassovner","7":"product_cat-hytte-camping-fritid","8":"product_cat-oppvarming-hytte-camping-fritid-2","10":"first","11":"instock","12":"taxable","13":"shipping-taxable","14":"purchasable","15":"product-type-simple"},"_links":{"self":[{"href":"https:\/\/vossgass.no\/en\/wp-json\/wp\/v2\/product\/14896","targetHints":{"allow":["GET"]}}],"collection":[{"href":"https:\/\/vossgass.no\/en\/wp-json\/wp\/v2\/product"}],"about":[{"href":"https:\/\/vossgass.no\/en\/wp-json\/wp\/v2\/types\/product"}],"replies":[{"embeddable":true,"href":"https:\/\/vossgass.no\/en\/wp-json\/wp\/v2\/comments?post=14896"}],"wp:featuredmedia":[{"embeddable":true,"href":"https:\/\/vossgass.no\/en\/wp-json\/wp\/v2\/media\/16337"}],"wp:attachment":[{"href":"https:\/\/vossgass.no\/en\/wp-json\/wp\/v2\/media?parent=14896"}],"wp:term":[{"taxonomy":"product_brand","embeddable":true,"href":"https:\/\/vossgass.no\/en\/wp-json\/wp\/v2\/product_brand?post=14896"},{"taxonomy":"product_cat","embeddable":true,"href":"https:\/\/vossgass.no\/en\/wp-json\/wp\/v2\/product_cat?post=14896"},{"taxonomy":"product_tag","embeddable":true,"href":"https:\/\/vossgass.no\/en\/wp-json\/wp\/v2\/product_tag?post=14896"}],"curies":[{"name":"wp","href":"https:\/\/api.w.org\/{rel}","templated":true}]}}