{"id":14891,"date":"2025-04-15T15:42:53","date_gmt":"2025-04-15T13:42:53","guid":{"rendered":"https:\/\/vossgass.no\/produkt\/kobberror-8-og-10-mm-pr-m\/"},"modified":"2026-03-17T13:55:35","modified_gmt":"2026-03-17T12:55:35","slug":"kobberror-8-og-10-mm-pr-m","status":"publish","type":"product","link":"https:\/\/vossgass.no\/en\/product\/kobberror-8-og-10-mm-pr-m\/","title":{"rendered":"Kobberr\u00f8r 8 og 10 mm pr.m"},"content":{"rendered":"","protected":false},"excerpt":{"rendered":"<p>Mykgl\u00f8det kobberr\u00f8r \u00d8 8 x 0,8 mm.<\/p>","protected":false},"featured_media":16332,"comment_status":"open","ping_status":"closed","template":"","meta":[],"product_brand":[],"product_cat":[318,618,319],"product_tag":[],"class_list":{"0":"post-14891","1":"product","2":"type-product","3":"status-publish","4":"has-post-thumbnail","6":"product_cat-gass-og-gassutstyr","7":"product_cat-koblinger-overganger","8":"product_cat-slanger-ror-fittings-gass-gassutstyr","10":"first","11":"instock","12":"taxable","13":"shipping-taxable","14":"purchasable","15":"product-type-simple"},"_links":{"self":[{"href":"https:\/\/vossgass.no\/en\/wp-json\/wp\/v2\/product\/14891","targetHints":{"allow":["GET"]}}],"collection":[{"href":"https:\/\/vossgass.no\/en\/wp-json\/wp\/v2\/product"}],"about":[{"href":"https:\/\/vossgass.no\/en\/wp-json\/wp\/v2\/types\/product"}],"replies":[{"embeddable":true,"href":"https:\/\/vossgass.no\/en\/wp-json\/wp\/v2\/comments?post=14891"}],"wp:featuredmedia":[{"embeddable":true,"href":"https:\/\/vossgass.no\/en\/wp-json\/wp\/v2\/media\/16332"}],"wp:attachment":[{"href":"https:\/\/vossgass.no\/en\/wp-json\/wp\/v2\/media?parent=14891"}],"wp:term":[{"taxonomy":"product_brand","embeddable":true,"href":"https:\/\/vossgass.no\/en\/wp-json\/wp\/v2\/product_brand?post=14891"},{"taxonomy":"product_cat","embeddable":true,"href":"https:\/\/vossgass.no\/en\/wp-json\/wp\/v2\/product_cat?post=14891"},{"taxonomy":"product_tag","embeddable":true,"href":"https:\/\/vossgass.no\/en\/wp-json\/wp\/v2\/product_tag?post=14891"}],"curies":[{"name":"wp","href":"https:\/\/api.w.org\/{rel}","templated":true}]}}