{"id":14890,"date":"2025-04-15T15:42:39","date_gmt":"2025-04-15T13:42:39","guid":{"rendered":"https:\/\/vossgass.no\/produkt\/stottehylse-for-8-mm-ror-pr-stk\/"},"modified":"2026-04-10T10:17:58","modified_gmt":"2026-04-10T08:17:58","slug":"stottehylse-for-8-mm-ror-pr-stk","status":"publish","type":"product","link":"https:\/\/vossgass.no\/en\/product\/stottehylse-for-8-mm-ror-pr-stk\/","title":{"rendered":"St\u00f8ttehylse for 8 mm r\u00f8r pr\/stk"},"content":{"rendered":"","protected":false},"excerpt":{"rendered":"<p>St\u00f6dhylsa i m\u00e4ssing f\u00f6r \u00d8 8 mm kopparr\u00f6r.<br \/>\nSkall alltid anv\u00e4ndas i kopparr\u00f6rets \u00e4ndar f\u00f6r att st\u00f6dja r\u00f6ret vid inf\u00e4stningar.<\/p>","protected":false},"featured_media":16331,"comment_status":"open","ping_status":"closed","template":"","meta":[],"product_brand":[],"product_cat":[318,618,319],"product_tag":[],"class_list":{"0":"post-14890","1":"product","2":"type-product","3":"status-publish","4":"has-post-thumbnail","6":"product_cat-gass-og-gassutstyr","7":"product_cat-koblinger-overganger","8":"product_cat-slanger-ror-fittings-gass-gassutstyr","10":"first","11":"instock","12":"taxable","13":"shipping-taxable","14":"purchasable","15":"product-type-simple"},"_links":{"self":[{"href":"https:\/\/vossgass.no\/en\/wp-json\/wp\/v2\/product\/14890","targetHints":{"allow":["GET"]}}],"collection":[{"href":"https:\/\/vossgass.no\/en\/wp-json\/wp\/v2\/product"}],"about":[{"href":"https:\/\/vossgass.no\/en\/wp-json\/wp\/v2\/types\/product"}],"replies":[{"embeddable":true,"href":"https:\/\/vossgass.no\/en\/wp-json\/wp\/v2\/comments?post=14890"}],"wp:featuredmedia":[{"embeddable":true,"href":"https:\/\/vossgass.no\/en\/wp-json\/wp\/v2\/media\/16331"}],"wp:attachment":[{"href":"https:\/\/vossgass.no\/en\/wp-json\/wp\/v2\/media?parent=14890"}],"wp:term":[{"taxonomy":"product_brand","embeddable":true,"href":"https:\/\/vossgass.no\/en\/wp-json\/wp\/v2\/product_brand?post=14890"},{"taxonomy":"product_cat","embeddable":true,"href":"https:\/\/vossgass.no\/en\/wp-json\/wp\/v2\/product_cat?post=14890"},{"taxonomy":"product_tag","embeddable":true,"href":"https:\/\/vossgass.no\/en\/wp-json\/wp\/v2\/product_tag?post=14890"}],"curies":[{"name":"wp","href":"https:\/\/api.w.org\/{rel}","templated":true}]}}