{"id":14884,"date":"2025-04-15T15:41:24","date_gmt":"2025-04-15T13:41:24","guid":{"rendered":"https:\/\/vossgass.no\/produkt\/propanslange-hoytrykk-g-10-lengd-750mm-se\/"},"modified":"2025-10-17T12:38:30","modified_gmt":"2025-10-17T10:38:30","slug":"propanslange-hoytrykk-g-10-lengd-750mm-se","status":"publish","type":"product","link":"https:\/\/vossgass.no\/en\/product\/propanslange-hoytrykk-g-10-lengd-750mm-se\/","title":{"rendered":"Propanslange h\u00f8ytrykk G.10. Lengd 750mm (SE)"},"content":{"rendered":"","protected":false},"excerpt":{"rendered":"<p>H\u00f8ytrykksslange med slangeventil for tilkobling til alle veggmonterte lavtrykksregulatorer med innl\u00f8p M20 x 1,5M.<br \/>\nSpesielt for oppvarming under kj\u00f8ring og til gassflaskeventilen.<br \/>\nSlangebrytventil forhindrer gassutslipp i tilfelle skade, eller hvis slangen l\u00f8sner og blokkerer gasstr\u00f8mmen s\u00e5 snart den nominelle str\u00f8mningshastigheten overskrides med 10%.<\/p>","protected":false},"featured_media":16325,"comment_status":"open","ping_status":"closed","template":"","meta":[],"product_brand":[],"product_cat":[318,634,319],"product_tag":[],"class_list":{"0":"post-14884","1":"product","2":"type-product","3":"status-publish","4":"has-post-thumbnail","6":"product_cat-gass-og-gassutstyr","7":"product_cat-propanslanger","8":"product_cat-slanger-ror-fittings-gass-gassutstyr","10":"first","11":"instock","12":"taxable","13":"shipping-taxable","14":"purchasable","15":"product-type-simple"},"_links":{"self":[{"href":"https:\/\/vossgass.no\/en\/wp-json\/wp\/v2\/product\/14884","targetHints":{"allow":["GET"]}}],"collection":[{"href":"https:\/\/vossgass.no\/en\/wp-json\/wp\/v2\/product"}],"about":[{"href":"https:\/\/vossgass.no\/en\/wp-json\/wp\/v2\/types\/product"}],"replies":[{"embeddable":true,"href":"https:\/\/vossgass.no\/en\/wp-json\/wp\/v2\/comments?post=14884"}],"wp:featuredmedia":[{"embeddable":true,"href":"https:\/\/vossgass.no\/en\/wp-json\/wp\/v2\/media\/16325"}],"wp:attachment":[{"href":"https:\/\/vossgass.no\/en\/wp-json\/wp\/v2\/media?parent=14884"}],"wp:term":[{"taxonomy":"product_brand","embeddable":true,"href":"https:\/\/vossgass.no\/en\/wp-json\/wp\/v2\/product_brand?post=14884"},{"taxonomy":"product_cat","embeddable":true,"href":"https:\/\/vossgass.no\/en\/wp-json\/wp\/v2\/product_cat?post=14884"},{"taxonomy":"product_tag","embeddable":true,"href":"https:\/\/vossgass.no\/en\/wp-json\/wp\/v2\/product_tag?post=14884"}],"curies":[{"name":"wp","href":"https:\/\/api.w.org\/{rel}","templated":true}]}}