{"id":14881,"date":"2025-04-15T15:40:43","date_gmt":"2025-04-15T13:40:43","guid":{"rendered":"https:\/\/vossgass.no\/produkt\/ritar-agm-deep-cycle-batteri-12v-120ah-c10\/"},"modified":"2025-11-18T15:40:39","modified_gmt":"2025-11-18T14:40:39","slug":"ritar-agm-deep-cycle-batteri-12v-120ah-c10","status":"publish","type":"product","link":"https:\/\/vossgass.no\/en\/product\/ritar-agm-deep-cycle-batteri-12v-120ah-c10\/","title":{"rendered":"RITAR AGM Deep Cycle Batteri 12V 120AH C10"},"content":{"rendered":"","protected":false},"excerpt":{"rendered":"<p>DC12-120S er et AGM Deep Cycle (dyputladings batteri) som holder meget god kvalitet.<\/p>\n<p>Batteriet er mye brukt som forbruksbatteri til solceller p\u00e5 hytter, og som forbruksbatteri i b\u00e5ter og bobiler etc.<\/p>\n<p>Selv om DC serien til Ritar er Deep Cycle batterier, s\u00e5 er de ogs\u00e5 meget godt egnet til n\u00f8dstr\u00f8m og st\u00f8rre UPS anlegg<\/p>\n<p>PS! Det er mange ulike praksiser for hvordan kapasiteten p\u00e5 disse batteriene oppgis og det kan variere fra 120-175Ah p\u00e5 denne typen.<\/p>\n<p>N\u00e5r man skal sammenligne de ulike merkene, er det mest hensiktsmessig \u00e5 se p\u00e5 vekt og dimensjoner.<\/p>\n<p>Maks m\u00e5l: 328x172x222<br \/>\nSpenning: 12V<br \/>\nKapasitet: 120AH \/ C10<br \/>\nMaks kortslutningseffekt: 1200A<br \/>\nVekt: 32kg<br \/>\nTerminaler: M8<br \/>\nBilpoler kan leveres<\/p>\n<p>Mest brukt til:<br \/>\nForbruk<br \/>\nB\u00e5t<br \/>\nSolcelle<br \/>\nBobil<br \/>\nUPS<br \/>\nN\u00f8dstr\u00f8m<br \/>\nBack up<br \/>\nData<br \/>\nAlarm<\/p>","protected":false},"featured_media":16322,"comment_status":"open","ping_status":"closed","template":"","meta":[],"product_brand":[],"product_cat":[260,516],"product_tag":[],"class_list":{"0":"post-14881","1":"product","2":"type-product","3":"status-publish","4":"has-post-thumbnail","6":"product_cat-hytte-camping-fritid","7":"product_cat-solenergi-12-v-m-m-hytte-camping-fritid-2","8":"product_shipping_class-kan-ikke-sendes","10":"first","11":"instock","12":"taxable","13":"shipping-taxable","14":"purchasable","15":"product-type-simple"},"_links":{"self":[{"href":"https:\/\/vossgass.no\/en\/wp-json\/wp\/v2\/product\/14881","targetHints":{"allow":["GET"]}}],"collection":[{"href":"https:\/\/vossgass.no\/en\/wp-json\/wp\/v2\/product"}],"about":[{"href":"https:\/\/vossgass.no\/en\/wp-json\/wp\/v2\/types\/product"}],"replies":[{"embeddable":true,"href":"https:\/\/vossgass.no\/en\/wp-json\/wp\/v2\/comments?post=14881"}],"wp:featuredmedia":[{"embeddable":true,"href":"https:\/\/vossgass.no\/en\/wp-json\/wp\/v2\/media\/16322"}],"wp:attachment":[{"href":"https:\/\/vossgass.no\/en\/wp-json\/wp\/v2\/media?parent=14881"}],"wp:term":[{"taxonomy":"product_brand","embeddable":true,"href":"https:\/\/vossgass.no\/en\/wp-json\/wp\/v2\/product_brand?post=14881"},{"taxonomy":"product_cat","embeddable":true,"href":"https:\/\/vossgass.no\/en\/wp-json\/wp\/v2\/product_cat?post=14881"},{"taxonomy":"product_tag","embeddable":true,"href":"https:\/\/vossgass.no\/en\/wp-json\/wp\/v2\/product_tag?post=14881"}],"curies":[{"name":"wp","href":"https:\/\/api.w.org\/{rel}","templated":true}]}}