{"id":14876,"date":"2025-04-15T15:39:43","date_gmt":"2025-04-15T13:39:43","guid":{"rendered":"https:\/\/vossgass.no\/produkt\/propp-til-party-keg-m-sikkerhetsventil\/"},"modified":"2025-12-19T14:21:26","modified_gmt":"2025-12-19T13:21:26","slug":"propp-til-party-keg-m-sikkerhetsventil","status":"publish","type":"product","link":"https:\/\/vossgass.no\/en\/product\/propp-til-party-keg-m-sikkerhetsventil\/","title":{"rendered":"Propp til party keg m\/sikkerhetsventil"},"content":{"rendered":"","protected":false},"excerpt":{"rendered":"<p>Ekstra gummipropp med sikkerhetsventil til partyfat. Sikkerhetsventilen slipper ut overfl\u00f8dig CO2 og sikrer at fatene ikke buler ut. Disse f\u00f8lger ikke med n\u00e5r man kj\u00f8per l\u00f8se fat. Denne proppen, eller varianten uten sikkerhetsventil er n\u00f8dvendige for \u00e5 s\u00f8rge for at fatene er tette under karboneringen.<\/p>\n<p>Under karbonering tetter man partyfatene med gummiproppene. Disse har en plasthylse som gj\u00f8r at man enkelt kan montere tappekranen. Ved \u00e5 dytte stigr\u00f8ret gjennom hylsen p\u00e5 fatet slik at hylsen faller ned i fatet, s\u00f8rger man for at minimalt med CO2 slipper ut og minimalt med oksygen slipper inn.<\/p>","protected":false},"featured_media":16317,"comment_status":"open","ping_status":"closed","template":"","meta":[],"product_brand":[],"product_cat":[257,91],"product_tag":[],"class_list":{"0":"post-14876","1":"product","2":"type-product","3":"status-publish","4":"has-post-thumbnail","6":"product_cat-gjaering-heimabrygg","7":"product_cat-heimabrygg","9":"first","10":"instock","11":"taxable","12":"shipping-taxable","13":"purchasable","14":"product-type-simple"},"_links":{"self":[{"href":"https:\/\/vossgass.no\/en\/wp-json\/wp\/v2\/product\/14876","targetHints":{"allow":["GET"]}}],"collection":[{"href":"https:\/\/vossgass.no\/en\/wp-json\/wp\/v2\/product"}],"about":[{"href":"https:\/\/vossgass.no\/en\/wp-json\/wp\/v2\/types\/product"}],"replies":[{"embeddable":true,"href":"https:\/\/vossgass.no\/en\/wp-json\/wp\/v2\/comments?post=14876"}],"wp:featuredmedia":[{"embeddable":true,"href":"https:\/\/vossgass.no\/en\/wp-json\/wp\/v2\/media\/16317"}],"wp:attachment":[{"href":"https:\/\/vossgass.no\/en\/wp-json\/wp\/v2\/media?parent=14876"}],"wp:term":[{"taxonomy":"product_brand","embeddable":true,"href":"https:\/\/vossgass.no\/en\/wp-json\/wp\/v2\/product_brand?post=14876"},{"taxonomy":"product_cat","embeddable":true,"href":"https:\/\/vossgass.no\/en\/wp-json\/wp\/v2\/product_cat?post=14876"},{"taxonomy":"product_tag","embeddable":true,"href":"https:\/\/vossgass.no\/en\/wp-json\/wp\/v2\/product_tag?post=14876"}],"curies":[{"name":"wp","href":"https:\/\/api.w.org\/{rel}","templated":true}]}}