{"id":14872,"date":"2025-04-15T15:39:00","date_gmt":"2025-04-15T13:39:00","guid":{"rendered":"https:\/\/vossgass.no\/produkt\/flaskekapsler-29-mm-svart-ca-100-stk\/"},"modified":"2025-11-11T15:41:04","modified_gmt":"2025-11-11T14:41:04","slug":"flaskekapsler-29-mm-svart-ca-100-stk","status":"publish","type":"product","link":"https:\/\/vossgass.no\/en\/product\/flaskekapsler-29-mm-svart-ca-100-stk\/","title":{"rendered":"Flaskekapsler 29 mm, Svart ca 100 stk"},"content":{"rendered":"","protected":false},"excerpt":{"rendered":"<p>Gull flaskekapsler, 29mm<\/p>\n<p>NB! Denne st\u00f8rrelsen passer til st\u00f8rre flasker, tilsvarende champagne-flasker. Denne kapselst\u00f8rrelsen krever ogs\u00e5 en tilsvarende kopp-st\u00f8rrelse p\u00e5 kapselp\u00e5setteren. <\/p>","protected":false},"featured_media":16313,"comment_status":"open","ping_status":"closed","template":"","meta":[],"product_brand":[],"product_cat":[257,91],"product_tag":[],"class_list":{"0":"post-14872","1":"product","2":"type-product","3":"status-publish","4":"has-post-thumbnail","6":"product_cat-gjaering-heimabrygg","7":"product_cat-heimabrygg","9":"first","10":"outofstock","11":"taxable","12":"shipping-taxable","13":"purchasable","14":"product-type-simple"},"_links":{"self":[{"href":"https:\/\/vossgass.no\/en\/wp-json\/wp\/v2\/product\/14872","targetHints":{"allow":["GET"]}}],"collection":[{"href":"https:\/\/vossgass.no\/en\/wp-json\/wp\/v2\/product"}],"about":[{"href":"https:\/\/vossgass.no\/en\/wp-json\/wp\/v2\/types\/product"}],"replies":[{"embeddable":true,"href":"https:\/\/vossgass.no\/en\/wp-json\/wp\/v2\/comments?post=14872"}],"wp:featuredmedia":[{"embeddable":true,"href":"https:\/\/vossgass.no\/en\/wp-json\/wp\/v2\/media\/16313"}],"wp:attachment":[{"href":"https:\/\/vossgass.no\/en\/wp-json\/wp\/v2\/media?parent=14872"}],"wp:term":[{"taxonomy":"product_brand","embeddable":true,"href":"https:\/\/vossgass.no\/en\/wp-json\/wp\/v2\/product_brand?post=14872"},{"taxonomy":"product_cat","embeddable":true,"href":"https:\/\/vossgass.no\/en\/wp-json\/wp\/v2\/product_cat?post=14872"},{"taxonomy":"product_tag","embeddable":true,"href":"https:\/\/vossgass.no\/en\/wp-json\/wp\/v2\/product_tag?post=14872"}],"curies":[{"name":"wp","href":"https:\/\/api.w.org\/{rel}","templated":true}]}}