{"id":14854,"date":"2025-04-15T15:36:13","date_gmt":"2025-04-15T13:36:13","guid":{"rendered":"https:\/\/vossgass.no\/produkt\/meskepose-75-x-55-cm\/"},"modified":"2026-03-14T13:50:59","modified_gmt":"2026-03-14T12:50:59","slug":"meskepose-75-x-55-cm","status":"publish","type":"product","link":"https:\/\/vossgass.no\/en\/product\/meskepose-75-x-55-cm\/","title":{"rendered":"Meskepose 75 x 55 cm"},"content":{"rendered":"","protected":false},"excerpt":{"rendered":"<p>Stor meskepose, 75&#215;55 cm for BIAB<\/p>\n<p>Sterk og elastisk meskepose laget av polyester. Kan brukes p\u00e5 gryter opp til 55 cm i diameter. De faktiske dimensjonene er 80cm bred og 55cm dyp. Kan ogs\u00e5 brukes under kok til humle, krydder etc. T\u00e5ler 110c.<\/p>\n<p>63 mikron netting\u00e5pning.<\/p>\n<p>Polyesteren er laget av fargefri PET uten tilsetning av plastmykningsmidler.<\/p>","protected":false},"featured_media":16295,"comment_status":"open","ping_status":"closed","template":"","meta":[],"product_brand":[],"product_cat":[256,91],"product_tag":[],"class_list":{"0":"post-14854","1":"product","2":"type-product","3":"status-publish","4":"has-post-thumbnail","6":"product_cat-bryggeutstyr-heimabrygg","7":"product_cat-heimabrygg","9":"first","10":"instock","11":"taxable","12":"shipping-taxable","13":"purchasable","14":"product-type-simple"},"_links":{"self":[{"href":"https:\/\/vossgass.no\/en\/wp-json\/wp\/v2\/product\/14854","targetHints":{"allow":["GET"]}}],"collection":[{"href":"https:\/\/vossgass.no\/en\/wp-json\/wp\/v2\/product"}],"about":[{"href":"https:\/\/vossgass.no\/en\/wp-json\/wp\/v2\/types\/product"}],"replies":[{"embeddable":true,"href":"https:\/\/vossgass.no\/en\/wp-json\/wp\/v2\/comments?post=14854"}],"wp:featuredmedia":[{"embeddable":true,"href":"https:\/\/vossgass.no\/en\/wp-json\/wp\/v2\/media\/16295"}],"wp:attachment":[{"href":"https:\/\/vossgass.no\/en\/wp-json\/wp\/v2\/media?parent=14854"}],"wp:term":[{"taxonomy":"product_brand","embeddable":true,"href":"https:\/\/vossgass.no\/en\/wp-json\/wp\/v2\/product_brand?post=14854"},{"taxonomy":"product_cat","embeddable":true,"href":"https:\/\/vossgass.no\/en\/wp-json\/wp\/v2\/product_cat?post=14854"},{"taxonomy":"product_tag","embeddable":true,"href":"https:\/\/vossgass.no\/en\/wp-json\/wp\/v2\/product_tag?post=14854"}],"curies":[{"name":"wp","href":"https:\/\/api.w.org\/{rel}","templated":true}]}}