{"id":14848,"date":"2025-04-15T15:35:23","date_gmt":"2025-04-15T13:35:23","guid":{"rendered":"https:\/\/vossgass.no\/produkt\/termometer-stick-on\/"},"modified":"2025-12-18T15:46:33","modified_gmt":"2025-12-18T14:46:33","slug":"termometer-stick-on","status":"publish","type":"product","link":"https:\/\/vossgass.no\/en\/product\/termometer-stick-on\/","title":{"rendered":"Termometer, Stick on"},"content":{"rendered":"","protected":false},"excerpt":{"rendered":"<p>Termometer-klistremerke.<\/p>\n<p>Lim dette p\u00e5 gj\u00e6ringskaret s\u00e5 kan du se hva gj\u00e6ringstemperaturen er inne i karet. Sitter veldig godt og t\u00e5ler forsiktig rengj\u00f8ring.<\/p>","protected":false},"featured_media":16289,"comment_status":"open","ping_status":"closed","template":"","meta":[],"product_brand":[],"product_cat":[256,91],"product_tag":[],"class_list":{"0":"post-14848","1":"product","2":"type-product","3":"status-publish","4":"has-post-thumbnail","6":"product_cat-bryggeutstyr-heimabrygg","7":"product_cat-heimabrygg","9":"first","10":"instock","11":"taxable","12":"shipping-taxable","13":"purchasable","14":"product-type-simple"},"_links":{"self":[{"href":"https:\/\/vossgass.no\/en\/wp-json\/wp\/v2\/product\/14848","targetHints":{"allow":["GET"]}}],"collection":[{"href":"https:\/\/vossgass.no\/en\/wp-json\/wp\/v2\/product"}],"about":[{"href":"https:\/\/vossgass.no\/en\/wp-json\/wp\/v2\/types\/product"}],"replies":[{"embeddable":true,"href":"https:\/\/vossgass.no\/en\/wp-json\/wp\/v2\/comments?post=14848"}],"wp:featuredmedia":[{"embeddable":true,"href":"https:\/\/vossgass.no\/en\/wp-json\/wp\/v2\/media\/16289"}],"wp:attachment":[{"href":"https:\/\/vossgass.no\/en\/wp-json\/wp\/v2\/media?parent=14848"}],"wp:term":[{"taxonomy":"product_brand","embeddable":true,"href":"https:\/\/vossgass.no\/en\/wp-json\/wp\/v2\/product_brand?post=14848"},{"taxonomy":"product_cat","embeddable":true,"href":"https:\/\/vossgass.no\/en\/wp-json\/wp\/v2\/product_cat?post=14848"},{"taxonomy":"product_tag","embeddable":true,"href":"https:\/\/vossgass.no\/en\/wp-json\/wp\/v2\/product_tag?post=14848"}],"curies":[{"name":"wp","href":"https:\/\/api.w.org\/{rel}","templated":true}]}}