{"id":14846,"date":"2025-04-15T15:35:03","date_gmt":"2025-04-15T13:35:03","guid":{"rendered":"https:\/\/vossgass.no\/produkt\/gjaerlas-stor-type\/"},"modified":"2026-04-21T12:55:47","modified_gmt":"2026-04-21T10:55:47","slug":"gjaerlas-stor-type","status":"publish","type":"product","link":"https:\/\/vossgass.no\/en\/product\/gjaerlas-stor-type\/","title":{"rendered":"Gj\u00e6rl\u00e5s Stor type"},"content":{"rendered":"","protected":false},"excerpt":{"rendered":"<p>Gj\u00e6rl\u00e5s stor type<\/p>\n<p>Spesifikasjoner<br \/>\nH\u00f8yde\t12,5 cm<br \/>\nBredde\t4 cm<br \/>\n\u00d8 gjennomf\u00f8ring  \t 9mm<\/p>","protected":false},"featured_media":16287,"comment_status":"open","ping_status":"closed","template":"","meta":[],"product_brand":[],"product_cat":[256,91],"product_tag":[],"class_list":{"0":"post-14846","1":"product","2":"type-product","3":"status-publish","4":"has-post-thumbnail","6":"product_cat-bryggeutstyr-heimabrygg","7":"product_cat-heimabrygg","9":"first","10":"instock","11":"taxable","12":"shipping-taxable","13":"purchasable","14":"product-type-simple"},"_links":{"self":[{"href":"https:\/\/vossgass.no\/en\/wp-json\/wp\/v2\/product\/14846","targetHints":{"allow":["GET"]}}],"collection":[{"href":"https:\/\/vossgass.no\/en\/wp-json\/wp\/v2\/product"}],"about":[{"href":"https:\/\/vossgass.no\/en\/wp-json\/wp\/v2\/types\/product"}],"replies":[{"embeddable":true,"href":"https:\/\/vossgass.no\/en\/wp-json\/wp\/v2\/comments?post=14846"}],"wp:featuredmedia":[{"embeddable":true,"href":"https:\/\/vossgass.no\/en\/wp-json\/wp\/v2\/media\/16287"}],"wp:attachment":[{"href":"https:\/\/vossgass.no\/en\/wp-json\/wp\/v2\/media?parent=14846"}],"wp:term":[{"taxonomy":"product_brand","embeddable":true,"href":"https:\/\/vossgass.no\/en\/wp-json\/wp\/v2\/product_brand?post=14846"},{"taxonomy":"product_cat","embeddable":true,"href":"https:\/\/vossgass.no\/en\/wp-json\/wp\/v2\/product_cat?post=14846"},{"taxonomy":"product_tag","embeddable":true,"href":"https:\/\/vossgass.no\/en\/wp-json\/wp\/v2\/product_tag?post=14846"}],"curies":[{"name":"wp","href":"https:\/\/api.w.org\/{rel}","templated":true}]}}