{"id":14831,"date":"2025-04-15T15:32:24","date_gmt":"2025-04-15T13:32:24","guid":{"rendered":"https:\/\/vossgass.no\/produkt\/corneliusfat-nytt-19l\/"},"modified":"2026-04-23T15:36:19","modified_gmt":"2026-04-23T13:36:19","slug":"corneliusfat-nytt-19l","status":"publish","type":"product","link":"https:\/\/vossgass.no\/en\/product\/corneliusfat-nytt-19l\/","title":{"rendered":"Corneliusfat Nytt 19L Kvalitetsfat fra Kegland"},"content":{"rendered":"","protected":false},"excerpt":{"rendered":"<p>Corneliusfat 19 liter<\/p>\n<p>Corneliusfat med Ball Lock koblinger foretrekkes av mange hjemmebryggere som \u00f8nsker \u00e5 servere \u00f8l fra tappekran. <\/p>\n<p>Fatet er av rustfritt st\u00e5l, med sokkel og topp\/h\u00e5ndtak av gummi. Fatet kommer med ball lock tilkoblinger montert, disse er merket for inn og ut. (CO2 inn, \u00f8l ut). Lokket har sikkerhetsventil, gummipakning og en brakett under som gj\u00f8r at man kan henge fast f.eks et humlefilter for t\u00f8rrhumling rett i fatet. Det f\u00f8lger ogs\u00e5 med et klistremerke man kan sette p\u00e5 fatet for enkelt \u00e5 kunne skrive noe om innholdet i fatet.<\/p>\n<p>Pga st\u00f8rrelsen p\u00e5 lokket er dette fatet noe enklere \u00e5 rengj\u00f8re enn de tradisjonelle bryggeri-fatene med f.eks G-kobling.<br \/>\nFatet er trykktestet opp til hele 8,9 bar (130 psi). Sikkerhetsventilen i lokket vil sl\u00e5 ut p\u00e5 6,9 bar (100 psi), og fatet kan derfor fint benyttes til tvangskarbonering.<\/p>\n<p>Teknisk:<br \/>\n&#8211; volum: 19 liter<br \/>\n&#8211; vekt: 4,45 kg<br \/>\n&#8211; m\u00e5l: h\u00f8yde 64 cm, diameter 21 cm<\/p>","protected":false},"featured_media":18383,"comment_status":"open","ping_status":"closed","template":"","meta":[],"product_brand":[],"product_cat":[257,91],"product_tag":[],"class_list":{"0":"post-14831","1":"product","2":"type-product","3":"status-publish","4":"has-post-thumbnail","6":"product_cat-gjaering-heimabrygg","7":"product_cat-heimabrygg","9":"first","10":"instock","11":"taxable","12":"shipping-taxable","13":"purchasable","14":"product-type-simple"},"_links":{"self":[{"href":"https:\/\/vossgass.no\/en\/wp-json\/wp\/v2\/product\/14831","targetHints":{"allow":["GET"]}}],"collection":[{"href":"https:\/\/vossgass.no\/en\/wp-json\/wp\/v2\/product"}],"about":[{"href":"https:\/\/vossgass.no\/en\/wp-json\/wp\/v2\/types\/product"}],"replies":[{"embeddable":true,"href":"https:\/\/vossgass.no\/en\/wp-json\/wp\/v2\/comments?post=14831"}],"wp:featuredmedia":[{"embeddable":true,"href":"https:\/\/vossgass.no\/en\/wp-json\/wp\/v2\/media\/18383"}],"wp:attachment":[{"href":"https:\/\/vossgass.no\/en\/wp-json\/wp\/v2\/media?parent=14831"}],"wp:term":[{"taxonomy":"product_brand","embeddable":true,"href":"https:\/\/vossgass.no\/en\/wp-json\/wp\/v2\/product_brand?post=14831"},{"taxonomy":"product_cat","embeddable":true,"href":"https:\/\/vossgass.no\/en\/wp-json\/wp\/v2\/product_cat?post=14831"},{"taxonomy":"product_tag","embeddable":true,"href":"https:\/\/vossgass.no\/en\/wp-json\/wp\/v2\/product_tag?post=14831"}],"curies":[{"name":"wp","href":"https:\/\/api.w.org\/{rel}","templated":true}]}}