{"id":14828,"date":"2025-04-15T15:31:49","date_gmt":"2025-04-15T13:31:49","guid":{"rendered":"https:\/\/vossgass.no\/produkt\/pluto-beer-gun-tappepistol\/"},"modified":"2025-09-23T11:10:25","modified_gmt":"2025-09-23T09:10:25","slug":"pluto-beer-gun-tappepistol","status":"publish","type":"product","link":"https:\/\/vossgass.no\/en\/product\/pluto-beer-gun-tappepistol\/","title":{"rendered":"Pluto Beer Gun, tappepistol."},"content":{"rendered":"","protected":false},"excerpt":{"rendered":"<p>Pluto Beer Gun i rustfrit st\u00e5l. Sikrer let og p\u00e5lidelig tapning af fad\u00f8l.<\/p>\n<p>Perfekt til fad\u00f8l p\u00e5 farten og festlige lejligheder.<\/p>\n<p>Med 4-6 mm slangestuds.<\/p>","protected":false},"featured_media":16269,"comment_status":"open","ping_status":"closed","template":"","meta":[],"product_brand":[],"product_cat":[257,91],"product_tag":[],"class_list":{"0":"post-14828","1":"product","2":"type-product","3":"status-publish","4":"has-post-thumbnail","6":"product_cat-gjaering-heimabrygg","7":"product_cat-heimabrygg","9":"first","10":"instock","11":"taxable","12":"shipping-taxable","13":"purchasable","14":"product-type-simple"},"_links":{"self":[{"href":"https:\/\/vossgass.no\/en\/wp-json\/wp\/v2\/product\/14828","targetHints":{"allow":["GET"]}}],"collection":[{"href":"https:\/\/vossgass.no\/en\/wp-json\/wp\/v2\/product"}],"about":[{"href":"https:\/\/vossgass.no\/en\/wp-json\/wp\/v2\/types\/product"}],"replies":[{"embeddable":true,"href":"https:\/\/vossgass.no\/en\/wp-json\/wp\/v2\/comments?post=14828"}],"wp:featuredmedia":[{"embeddable":true,"href":"https:\/\/vossgass.no\/en\/wp-json\/wp\/v2\/media\/16269"}],"wp:attachment":[{"href":"https:\/\/vossgass.no\/en\/wp-json\/wp\/v2\/media?parent=14828"}],"wp:term":[{"taxonomy":"product_brand","embeddable":true,"href":"https:\/\/vossgass.no\/en\/wp-json\/wp\/v2\/product_brand?post=14828"},{"taxonomy":"product_cat","embeddable":true,"href":"https:\/\/vossgass.no\/en\/wp-json\/wp\/v2\/product_cat?post=14828"},{"taxonomy":"product_tag","embeddable":true,"href":"https:\/\/vossgass.no\/en\/wp-json\/wp\/v2\/product_tag?post=14828"}],"curies":[{"name":"wp","href":"https:\/\/api.w.org\/{rel}","templated":true}]}}