{"id":14822,"date":"2025-04-15T15:30:51","date_gmt":"2025-04-15T13:30:51","guid":{"rendered":"https:\/\/vossgass.no\/produkt\/kran-plast-kvit-blank-3-4-10-mm\/"},"modified":"2026-04-09T13:05:51","modified_gmt":"2026-04-09T11:05:51","slug":"kran-plast-kvit-blank-3-4-10-mm","status":"publish","type":"product","link":"https:\/\/vossgass.no\/en\/product\/kran-plast-kvit-blank-3-4-10-mm\/","title":{"rendered":"Kran plast kvit\/blank 3\/4&#8243; 10 mm"},"content":{"rendered":"","protected":false},"excerpt":{"rendered":"<p>Tappekran til gj\u00e6ringsb\u00f8tte m\/pakning<\/p>\n<p>Diameter p\u00e5 hullet m\u00e5 v\u00e6re 26mm <\/p>\n<p>*Produktet kan ha annen farge p\u00e5 selve kranen enn avbildet.<\/p>","protected":false},"featured_media":16263,"comment_status":"open","ping_status":"closed","template":"","meta":[],"product_brand":[],"product_cat":[257,91],"product_tag":[],"class_list":{"0":"post-14822","1":"product","2":"type-product","3":"status-publish","4":"has-post-thumbnail","6":"product_cat-gjaering-heimabrygg","7":"product_cat-heimabrygg","9":"first","10":"instock","11":"taxable","12":"shipping-taxable","13":"purchasable","14":"product-type-simple"},"_links":{"self":[{"href":"https:\/\/vossgass.no\/en\/wp-json\/wp\/v2\/product\/14822","targetHints":{"allow":["GET"]}}],"collection":[{"href":"https:\/\/vossgass.no\/en\/wp-json\/wp\/v2\/product"}],"about":[{"href":"https:\/\/vossgass.no\/en\/wp-json\/wp\/v2\/types\/product"}],"replies":[{"embeddable":true,"href":"https:\/\/vossgass.no\/en\/wp-json\/wp\/v2\/comments?post=14822"}],"wp:featuredmedia":[{"embeddable":true,"href":"https:\/\/vossgass.no\/en\/wp-json\/wp\/v2\/media\/16263"}],"wp:attachment":[{"href":"https:\/\/vossgass.no\/en\/wp-json\/wp\/v2\/media?parent=14822"}],"wp:term":[{"taxonomy":"product_brand","embeddable":true,"href":"https:\/\/vossgass.no\/en\/wp-json\/wp\/v2\/product_brand?post=14822"},{"taxonomy":"product_cat","embeddable":true,"href":"https:\/\/vossgass.no\/en\/wp-json\/wp\/v2\/product_cat?post=14822"},{"taxonomy":"product_tag","embeddable":true,"href":"https:\/\/vossgass.no\/en\/wp-json\/wp\/v2\/product_tag?post=14822"}],"curies":[{"name":"wp","href":"https:\/\/api.w.org\/{rel}","templated":true}]}}