{"id":14818,"date":"2025-04-15T15:30:21","date_gmt":"2025-04-15T13:30:21","guid":{"rendered":"https:\/\/vossgass.no\/produkt\/holder-til-hevert-liten\/"},"modified":"2025-09-23T11:09:43","modified_gmt":"2025-09-23T09:09:43","slug":"holder-til-hevert-liten","status":"publish","type":"product","link":"https:\/\/vossgass.no\/en\/product\/holder-til-hevert-liten\/","title":{"rendered":"Holder til hevert liten"},"content":{"rendered":"","protected":false},"excerpt":{"rendered":"<p>Klype til hevert. Holder heverten p\u00e5 plass slik at du slipper \u00e5 st\u00e5 \u00e5 holde den.<\/p>\n<p>Passer til &laquo;Hevert med pumpe mini&raquo;. <\/p>","protected":false},"featured_media":16259,"comment_status":"open","ping_status":"closed","template":"","meta":[],"product_brand":[],"product_cat":[256,91],"product_tag":[],"class_list":{"0":"post-14818","1":"product","2":"type-product","3":"status-publish","4":"has-post-thumbnail","6":"product_cat-bryggeutstyr-heimabrygg","7":"product_cat-heimabrygg","9":"first","10":"instock","11":"taxable","12":"shipping-taxable","13":"purchasable","14":"product-type-simple"},"_links":{"self":[{"href":"https:\/\/vossgass.no\/en\/wp-json\/wp\/v2\/product\/14818","targetHints":{"allow":["GET"]}}],"collection":[{"href":"https:\/\/vossgass.no\/en\/wp-json\/wp\/v2\/product"}],"about":[{"href":"https:\/\/vossgass.no\/en\/wp-json\/wp\/v2\/types\/product"}],"replies":[{"embeddable":true,"href":"https:\/\/vossgass.no\/en\/wp-json\/wp\/v2\/comments?post=14818"}],"wp:featuredmedia":[{"embeddable":true,"href":"https:\/\/vossgass.no\/en\/wp-json\/wp\/v2\/media\/16259"}],"wp:attachment":[{"href":"https:\/\/vossgass.no\/en\/wp-json\/wp\/v2\/media?parent=14818"}],"wp:term":[{"taxonomy":"product_brand","embeddable":true,"href":"https:\/\/vossgass.no\/en\/wp-json\/wp\/v2\/product_brand?post=14818"},{"taxonomy":"product_cat","embeddable":true,"href":"https:\/\/vossgass.no\/en\/wp-json\/wp\/v2\/product_cat?post=14818"},{"taxonomy":"product_tag","embeddable":true,"href":"https:\/\/vossgass.no\/en\/wp-json\/wp\/v2\/product_tag?post=14818"}],"curies":[{"name":"wp","href":"https:\/\/api.w.org\/{rel}","templated":true}]}}