{"id":14816,"date":"2025-04-15T15:30:01","date_gmt":"2025-04-15T13:30:01","guid":{"rendered":"https:\/\/vossgass.no\/produkt\/cinderella-vedlikeholdskit\/"},"modified":"2025-09-23T11:09:43","modified_gmt":"2025-09-23T09:09:43","slug":"cinderella-vedlikeholdskit","status":"publish","type":"product","link":"https:\/\/vossgass.no\/en\/product\/cinderella-vedlikeholdskit\/","title":{"rendered":"Cinderella Vedlikeholdskit"},"content":{"rendered":"","protected":false},"excerpt":{"rendered":"<p>Om produktet:<br \/>\nVedlikeholdskit for enkel rengj\u00f8ring og vedlikehold av ditt Cinderella forbrenningstoalett.<br \/>\nSettet inneholder alt man trenger for anbefalt vedlikehold av et Cinderella forbrenningstoalett.<\/p>\n<p>Ekstra b\u00f8rstehode til vaskeb\u00f8rsten kan kj\u00f8pes separat<\/p>\n<p>Detaljer og spesifikasjoner:<br \/>\nFeiesett<br \/>\nVaskeb\u00f8rste for askeinnsatsen<br \/>\nEksosb\u00f8rste<br \/>\nTrakt for skylling av katalysator<\/p>","protected":false},"featured_media":16257,"comment_status":"open","ping_status":"closed","template":"","meta":[],"product_brand":[],"product_cat":[260,498],"product_tag":[],"class_list":{"0":"post-14816","1":"product","2":"type-product","3":"status-publish","4":"has-post-thumbnail","6":"product_cat-hytte-camping-fritid","7":"product_cat-toalett-vann-avlop","9":"first","10":"instock","11":"taxable","12":"shipping-taxable","13":"purchasable","14":"product-type-simple"},"_links":{"self":[{"href":"https:\/\/vossgass.no\/en\/wp-json\/wp\/v2\/product\/14816","targetHints":{"allow":["GET"]}}],"collection":[{"href":"https:\/\/vossgass.no\/en\/wp-json\/wp\/v2\/product"}],"about":[{"href":"https:\/\/vossgass.no\/en\/wp-json\/wp\/v2\/types\/product"}],"replies":[{"embeddable":true,"href":"https:\/\/vossgass.no\/en\/wp-json\/wp\/v2\/comments?post=14816"}],"wp:featuredmedia":[{"embeddable":true,"href":"https:\/\/vossgass.no\/en\/wp-json\/wp\/v2\/media\/16257"}],"wp:attachment":[{"href":"https:\/\/vossgass.no\/en\/wp-json\/wp\/v2\/media?parent=14816"}],"wp:term":[{"taxonomy":"product_brand","embeddable":true,"href":"https:\/\/vossgass.no\/en\/wp-json\/wp\/v2\/product_brand?post=14816"},{"taxonomy":"product_cat","embeddable":true,"href":"https:\/\/vossgass.no\/en\/wp-json\/wp\/v2\/product_cat?post=14816"},{"taxonomy":"product_tag","embeddable":true,"href":"https:\/\/vossgass.no\/en\/wp-json\/wp\/v2\/product_tag?post=14816"}],"curies":[{"name":"wp","href":"https:\/\/api.w.org\/{rel}","templated":true}]}}