{"id":14815,"date":"2025-04-15T15:29:52","date_gmt":"2025-04-15T13:29:52","guid":{"rendered":"https:\/\/vossgass.no\/produkt\/cinderella-urinal\/"},"modified":"2025-09-23T11:09:34","modified_gmt":"2025-09-23T09:09:34","slug":"cinderella-urinal","status":"publish","type":"product","link":"https:\/\/vossgass.no\/en\/product\/cinderella-urinal\/","title":{"rendered":"Cinderella Urinal"},"content":{"rendered":"","protected":false},"excerpt":{"rendered":"<p>Om produktet:<br \/>\nCinderella Urinal er en vannfri toalettl\u00f8sning som er spesielt beregnet til urinering. Den egner seg meget godt som avlastningstoalett til Cinderella forbrenningstoaletter. Urinen ledes ut til egnet mottak som for eksempel et sandfilter eller en samletank. Urinalen brukes helt uten vann og er 100% luktfritt. <\/p>\n<p>Cinderella Urinal er enkel \u00e5 installere, og man velger selv om avl\u00f8psr\u00f8ret skal g\u00e5 igjennom gulv eller vegg. Det benyttes 50 mm avl\u00f8psr\u00f8r til egnet mottak. Urinalet festes til underlaget med skruer eller ved \u00e5 bruke silikon. N\u00e5r Cinderella Urinal er montert og avl\u00f8psr\u00f8r til mottak er tilkoblet, er toalettet klar til bruk.<\/p>\n<p>Cinderella Urinal er en unisex-modell som kan brukes av begge kj\u00f8nn og anvendes kun til urinering.<\/p>\n<p>Urinalen er utstyrt med en membran luktsperre, som hindrer lukt i toalettrommet. L\u00f8sningen krever ikke sperrev\u00e6ske eller vann for \u00e5 fungere, og er derfor alltid frostsikker. <\/p>\n<p>Cinderella Urinal egner seg godt som avlastningstoalett til Cinderellas \u00f8vrige, milj\u00f8vennlige forbrenningstoaletter, v\u00e5r nyeste modell Cinderella Premium, v\u00e5r avanserte Cinderella Comfort og v\u00e5r str\u00f8mfrie modell Cinderella Freedom. Husk at 4 av 5 toalettbes\u00f8k er som regel kun urinering. Ved \u00e5 kombinere Urinal og forbrenningstoalettet, reduseres b\u00e5de str\u00f8m- eller gassforbruket i tillegg til forbruk av toalettposer.<\/p>\n<p>Detaljer og spesifikasjoner:<br \/>\nSitteh\u00f8yde: 420 mm<br \/>\nH\u00f8yde: 460 mm<br \/>\nBredde: 340 mm<br \/>\nDybde: 500 mm<br \/>\nVekt: 6 kg<br \/>\nAvl\u00f8psr\u00f8r: 50 mm<br \/>\nMaks vektbelastning: 150 kg<\/p>","protected":false},"featured_media":16256,"comment_status":"open","ping_status":"closed","template":"","meta":[],"product_brand":[],"product_cat":[260,498],"product_tag":[],"class_list":{"0":"post-14815","1":"product","2":"type-product","3":"status-publish","4":"has-post-thumbnail","6":"product_cat-hytte-camping-fritid","7":"product_cat-toalett-vann-avlop","9":"first","10":"instock","11":"taxable","12":"shipping-taxable","13":"purchasable","14":"product-type-simple"},"_links":{"self":[{"href":"https:\/\/vossgass.no\/en\/wp-json\/wp\/v2\/product\/14815","targetHints":{"allow":["GET"]}}],"collection":[{"href":"https:\/\/vossgass.no\/en\/wp-json\/wp\/v2\/product"}],"about":[{"href":"https:\/\/vossgass.no\/en\/wp-json\/wp\/v2\/types\/product"}],"replies":[{"embeddable":true,"href":"https:\/\/vossgass.no\/en\/wp-json\/wp\/v2\/comments?post=14815"}],"wp:featuredmedia":[{"embeddable":true,"href":"https:\/\/vossgass.no\/en\/wp-json\/wp\/v2\/media\/16256"}],"wp:attachment":[{"href":"https:\/\/vossgass.no\/en\/wp-json\/wp\/v2\/media?parent=14815"}],"wp:term":[{"taxonomy":"product_brand","embeddable":true,"href":"https:\/\/vossgass.no\/en\/wp-json\/wp\/v2\/product_brand?post=14815"},{"taxonomy":"product_cat","embeddable":true,"href":"https:\/\/vossgass.no\/en\/wp-json\/wp\/v2\/product_cat?post=14815"},{"taxonomy":"product_tag","embeddable":true,"href":"https:\/\/vossgass.no\/en\/wp-json\/wp\/v2\/product_tag?post=14815"}],"curies":[{"name":"wp","href":"https:\/\/api.w.org\/{rel}","templated":true}]}}