{"id":14814,"date":"2025-04-15T15:29:44","date_gmt":"2025-04-15T13:29:44","guid":{"rendered":"https:\/\/vossgass.no\/produkt\/cinderella-freedom-forbrenningstoalett\/"},"modified":"2025-10-01T16:16:48","modified_gmt":"2025-10-01T14:16:48","slug":"cinderella-freedom-forbrenningstoalett","status":"publish","type":"product","link":"https:\/\/vossgass.no\/en\/product\/cinderella-freedom-forbrenningstoalett\/","title":{"rendered":"Cinderella FREEDOM forbrenningstoalett"},"content":{"rendered":"","protected":false},"excerpt":{"rendered":"<p>Om produktet:<br \/>\nCinderella Freedom (tidligere kjent som Cinderella GAS) er et propandrevet, vannfritt forbrenningstoalett som forbrenner alt toalettavfall ved h\u00f8y temperatur til minimal askemengde og er spesialtilpasset for omr\u00e5der med begrenset, eller manglende tilgang til nettstr\u00f8m.<br \/>\nSom for alle toalettene fra Cinderella Eco Group, trenger ikke Cinderella Freedom verken vann eller avl\u00f8p, og dermed unng\u00e5s kostbare avl\u00f8pstilkoblinger.<br \/>\nToalettet er enkelt \u00e5 installere og leveres med brukervennlig LCD display, som gir driftsmeldinger og beskjed om n\u00e5r akseskuffen er full og b\u00f8r t\u00f8mmes.<\/p>\n<p>Cinderella Freedom baserer seg p\u00e5 den samme h\u00f8ye kvaliteten som kjennetegner Cinderella Comfort, men benytter propan gass som energikilde istedenfor str\u00f8m til selve forbrenningsprosessen.<br \/>\nDette betyr at Cinderella Freedom kan benyttes i alle omr\u00e5der hvor tilgangen til 230V er begrenset eller frav\u00e6rende. Toalettet er spesielt godt egnet til hytter uten nettstr\u00f8m, det krever kun 12V DC for \u00e5 styre elektronikken i toalettet.<\/p>\n<p>Esken inneholder:<br \/>\nCinderella Freedom forbrenningstoalett<br \/>\nProduktmanualer<br \/>\n100 stk. Cinderella originale toalettposer<\/p>\n<p>Installasjon:<br \/>\n\u00c5 installere en Cinderella er enkelt, og krever ingen eksterne tanker eller bruk av vann og avl\u00f8p.<br \/>\nDet m\u00e5 installeres et luftesystem for luft ut \/ inn, og det er viktig at dette gj\u00f8res i henhold til v\u00e5re anbefalinger.<br \/>\nVennligst bemerk at toalettet leveres uten komponenter og r\u00f8r for installasjon.<br \/>\nEn installasjonspakke som inneholder alt du trenger til en optimal installasjon kj\u00f8pes separat.<\/p>\n<p>Brukervennlig:<br \/>\nEt Cinderella forbrenningstoalett er enkelt \u00e5 bruke, og benytter Cinderella toalettposer for \u00e5 transportere avfallet sikkert ned til forbrenningskammeret. Dette gj\u00f8r toalettet meget hygienisk og renslig, sammenlignet med andre alternativer.<br \/>\nL\u00f8ft opp sete og sittering.<br \/>\nLegg i en original Cinderella toalettpose i sk\u00e5len, og legg ned sitteringen.<br \/>\nBruk toalettet som vanlig, og legg ned lokket n\u00e5r du er ferdig.<br \/>\nTrykk p\u00e5 \u00abspyleknappen\u00bb og posen slippes ned til forbrenningskammeret. Toalettet er n\u00e5 klart til bruk igjen. <\/p>\n<p>Cinderellas vannfrie forbrenningstoaletter har v\u00e6rt p\u00e5 markedet i 25 \u00e5r og er kjent for b\u00e6rekraftig, milj\u00f8vennlig design og ytelse, uten forurensende utslipp.<\/p>\n<p>Godkjent produkt:<br \/>\nCinderella Freedom oppfyller alle regulatoriske og n\u00f8dvendige godkjenninger og sertifiseringer. Dette er ekstremt viktig for oss som produsenter og sikrer at du som kunde f\u00e5r et produkt av h\u00f8y kvalitet.  <\/p>\n<p>Egenskaper Freedom<br \/>\n\u2022\tTrenger ikke 230V<br \/>\n\u2022\tPerfekt for str\u00f8ml\u00f8se installasjoner<br \/>\n\u2022\tNorskprodusert og av h\u00f8y kvalitet<br \/>\n\u2022\tBrukervennlig<br \/>\n\u2022\tBarnesikkert<br \/>\n\u2022\tSt\u00f8ysvak<br \/>\n\u2022\tSkandinavisk design<br \/>\n\u2022\tLCD Display med driftsmeldinger<br \/>\n\u2022\tEnkel \u00e5 installere, krever kun 12V DC, gass, innluft og utlufting<br \/>\n\u2022\tBehagelig inneklima, ingen lukt<br \/>\n\u2022\tSertifisert og godkjent iht gjeldene regelverk.<br \/>\n\u2022\tH\u00f8y kapasitet. 4 bes\u00f8k i timen<br \/>\n\u2022\tKomplett toalettl\u00f8sning, brenner alt avfall<br \/>\n\u2022\tTrenger ikke vann, ingen tank ute eller inne<br \/>\n\u2022\tDriftssikkert<br \/>\n\u2022\t3 \u00e5rs garanti<\/p>\n<p>Detaljer og spesifikasjoner<br \/>\nSitteh\u00f8yde: 540 mm<br \/>\nH\u00f8yde: 600 mm<br \/>\nBredde: 390 mm<br \/>\nDybde: 590 mm<br \/>\nVekt: 34 kg<br \/>\nKapasitet: 4 bes\u00f8k i timen<br \/>\nVentilasjonskanal\/r\u00f8r: 110 mm utv.<br \/>\nStr\u00f8mforbruk i standby: 0,005 Amp<br \/>\nStr\u00f8mforbruk under forbrenning: 1,3 Amp<br \/>\nGassforbruk: 160-190 gr. pr. forbrenning<br \/>\nMaks brennereffekt: 2,87 kWh<br \/>\nStr\u00f8mkrav: 12V DC 11-14,4 V, 4 Amp<br \/>\nMaks vektbelastning: opp til 200 kg<\/p>","protected":false},"featured_media":16255,"comment_status":"open","ping_status":"closed","template":"","meta":[],"product_brand":[],"product_cat":[260,498],"product_tag":[],"class_list":{"0":"post-14814","1":"product","2":"type-product","3":"status-publish","4":"has-post-thumbnail","6":"product_cat-hytte-camping-fritid","7":"product_cat-toalett-vann-avlop","9":"first","10":"outofstock","11":"taxable","12":"shipping-taxable","13":"purchasable","14":"product-type-simple"},"_links":{"self":[{"href":"https:\/\/vossgass.no\/en\/wp-json\/wp\/v2\/product\/14814","targetHints":{"allow":["GET"]}}],"collection":[{"href":"https:\/\/vossgass.no\/en\/wp-json\/wp\/v2\/product"}],"about":[{"href":"https:\/\/vossgass.no\/en\/wp-json\/wp\/v2\/types\/product"}],"replies":[{"embeddable":true,"href":"https:\/\/vossgass.no\/en\/wp-json\/wp\/v2\/comments?post=14814"}],"wp:featuredmedia":[{"embeddable":true,"href":"https:\/\/vossgass.no\/en\/wp-json\/wp\/v2\/media\/16255"}],"wp:attachment":[{"href":"https:\/\/vossgass.no\/en\/wp-json\/wp\/v2\/media?parent=14814"}],"wp:term":[{"taxonomy":"product_brand","embeddable":true,"href":"https:\/\/vossgass.no\/en\/wp-json\/wp\/v2\/product_brand?post=14814"},{"taxonomy":"product_cat","embeddable":true,"href":"https:\/\/vossgass.no\/en\/wp-json\/wp\/v2\/product_cat?post=14814"},{"taxonomy":"product_tag","embeddable":true,"href":"https:\/\/vossgass.no\/en\/wp-json\/wp\/v2\/product_tag?post=14814"}],"curies":[{"name":"wp","href":"https:\/\/api.w.org\/{rel}","templated":true}]}}