{"id":14813,"date":"2025-04-15T15:29:34","date_gmt":"2025-04-15T13:29:34","guid":{"rendered":"https:\/\/vossgass.no\/produkt\/cinderella-comfort-forbrenningstoalett\/"},"modified":"2025-09-23T11:09:17","modified_gmt":"2025-09-23T09:09:17","slug":"cinderella-comfort-forbrenningstoalett","status":"publish","type":"product","link":"https:\/\/vossgass.no\/en\/product\/cinderella-comfort-forbrenningstoalett\/","title":{"rendered":"Cinderella COMFORT forbrenningstoalett"},"content":{"rendered":"","protected":false},"excerpt":{"rendered":"<p>V\u00e5rt vannfrie forbrenningstoalett Cinderella Comfort er det nyeste konseptet innen forbrenningstoaletter til hytte og fritid fra Cinderella Eco Group, kjent for b\u00e6rekraftig, milj\u00f8vennlig design og ytelse, uten forurensende utslipp.<br \/>\nComfort leveres med et lukket luftesystem, noe som skaper et bedre innemilj\u00f8 og ikke p\u00e5virker temperaturen i rommet toalettet installeres i.<br \/>\nCinderella Comfort leveres ogs\u00e5 med LCD-display som gir driftsmeldinger og status til enhver tid.<\/p>\n<p>Toalettet har f\u00e5tt benevnelsen \u201cComfort\u201d fordi det sikrer en trygg, behagelig og brukervennlig opplevelse sammenlignet med andre forbrenningstoaletter p\u00e5 markedet, noe som har gitt toalettet utmerkelsen Best i Test (2014 og 2018) fra svenske Testfakta ved begge anledninger toalettet er blitt testet.<br \/>\nComfort har et lukket luftesystem hvor friskluft til forbrenningen tilf\u00f8res via et eget lufter\u00f8r, noe som gir en vesentlig bedre inneklima.<br \/>\nDette hindrer ogs\u00e5 eventuelle konflikter med andre luftkrevende installasjoner som avtrekksvifter til kj\u00f8kken, peiser eller vedovner. <\/p>\n<p>Esken inneholder:<br \/>\nCinderella Comfort forbrenningstoalett<br \/>\nBruker- og installasjonsmanual<br \/>\n100 stk. Cinderella originale toalettposer<\/p>\n<p>Installasjon:<br \/>\n\u00c5 installere en Cinderella er enkelt, og krever ingen eksterne tanker eller bruk av vann og avl\u00f8p.<br \/>\nDet m\u00e5 installeres et luftesystem for luft ut \/ inn, og det er viktig at dette gj\u00f8res i henhold til v\u00e5re anbefalinger, for god driftssikkerhet og lang levetid.<\/p>\n<p>Vennligst bemerk at toalettet leveres uten komponenter og r\u00f8r for installasjon.<br \/>\nEn installasjonspakke som inneholder alt du trenger til en optimal installasjon kj\u00f8pes separat.<br \/>\nCinderella Comfort original installasjonskit komplett<\/p>\n<p>Alternative modeller:<br \/>\nFor installasjoner uten tilgang til nettstr\u00f8m, finnes et alternativ som benytter en kombinasjon av propan og 12V (Cinderella Freedom), perfekt for hytter, hus eller andre installasjoner der hvor fast str\u00f8mtilf\u00f8rsel er ustabil eller ikke tilgjengelig.<\/p>\n<p>Hva er et forbrenningstoalett?<br \/>\nForbrenningstoalettene fra Cinderella er toaletter der b\u00e5de urin og ekskrementer forbrennes ved h\u00f8y temperatur til minimal askemengde, ca. 1 tekopp for 4 personer ved 1 ukes bruk. Med Cinderella forbrenningstoaletter unng\u00e5s store kostnader og krevende regelverk knyttet til kloakkforbindelse for \u00e5 f\u00e5 tiln\u00e6rmet samme toalettkomfort som hjemme. Toalettene kan installeres i s\u00e5rbare naturomr\u00e5der uten inngrep til vann og avl\u00f8pssystemer. Cinderella er en total avfallsl\u00f8sning, dvs. at den kvitter seg med alt avfallet. Det transporteres ikke videre, slik andre toalettsystemer krever. L\u00e6r mer om forbrenningstoalett her.<\/p>\n<p>Brukervennlig<br \/>\nEt Cinderella forbrenningstoalett er enkelt \u00e5 bruke, og benytter Cinderella toalettposer for \u00e5 transportere avfallet sikkert ned til forbrenningskammeret. Dette gj\u00f8r toalettet meget hygienisk og renslig, sammenlignet med andre alternativer. L\u00f8ft opp sete og sittering. Legg i en original Cinderella toalettpose i sk\u00e5len, og legg ned sitteringen. Bruk toalettet som vanlig, og legg ned lokket n\u00e5r du er ferdig. Trykk p\u00e5 \u00abspyleknappen\u00bb og posen slippes ned til forbrenningskammeret. Toalettet er n\u00e5 klart til bruk igjen.<\/p>\n<p>Godkjent produkt<br \/>\nCinderella Comfort innehar alle n\u00f8dvendige godkjenninger og sertifiseringer innen sin produktgruppe. Dette er s\u00e6rdeles viktig, og en trygghet for deg som kunde. <\/p>\n<p>Egenskaper Comfort<br \/>\nNorskprodusert og av h\u00f8y kvalitet<br \/>\nBrukervennlig<br \/>\nBarnesikkert<br \/>\nSt\u00f8ysvak<br \/>\nBest i Test<br \/>\nSkandinavisk design<br \/>\nLCD Display med driftsmeldinger<br \/>\nEnkel installasjon, lukket luftsystem<br \/>\nBehagelig inneklima, ingen lukt<br \/>\nSertifisert og godkjent i henhold til gjeldene regelverk. CE merket.<br \/>\nStor kapasitet, 4 bes\u00f8k i timen<br \/>\nKomplett toalettl\u00f8sning, brenner alt avfall<br \/>\nTrenger ikke vann, ingen tank ute eller inne<br \/>\nDriftssikkert, egner seg bra i kalde omr\u00e5der<br \/>\n3 \u00e5rs garanti<\/p>\n<p>Detaljer og spesifikasjoner<br \/>\nSitteh\u00f8yde: 540 mm<br \/>\nH\u00f8yde: 600 mm<br \/>\nBredde: 390 mm<br \/>\nDybde: 590 mm<br \/>\nKapasitet: 4 bes\u00f8k i timen<br \/>\nVentilasjonskanal\/r\u00f8r: 110 mm utv.<br \/>\nEffekt ved forbrenning: 2000 W<br \/>\nEnergiforbruk pr. forbrenning: 1-2 kWh<br \/>\nStr\u00f8mkrav: 220 &#8211; 240 V, 10A<br \/>\nMaks vektbelastning: Opp til 200 kg<\/p>","protected":false},"featured_media":16254,"comment_status":"open","ping_status":"closed","template":"","meta":[],"product_brand":[],"product_cat":[260,498],"product_tag":[],"class_list":{"0":"post-14813","1":"product","2":"type-product","3":"status-publish","4":"has-post-thumbnail","6":"product_cat-hytte-camping-fritid","7":"product_cat-toalett-vann-avlop","9":"first","10":"onbackorder","11":"taxable","12":"shipping-taxable","13":"purchasable","14":"product-type-simple"},"_links":{"self":[{"href":"https:\/\/vossgass.no\/en\/wp-json\/wp\/v2\/product\/14813","targetHints":{"allow":["GET"]}}],"collection":[{"href":"https:\/\/vossgass.no\/en\/wp-json\/wp\/v2\/product"}],"about":[{"href":"https:\/\/vossgass.no\/en\/wp-json\/wp\/v2\/types\/product"}],"replies":[{"embeddable":true,"href":"https:\/\/vossgass.no\/en\/wp-json\/wp\/v2\/comments?post=14813"}],"wp:featuredmedia":[{"embeddable":true,"href":"https:\/\/vossgass.no\/en\/wp-json\/wp\/v2\/media\/16254"}],"wp:attachment":[{"href":"https:\/\/vossgass.no\/en\/wp-json\/wp\/v2\/media?parent=14813"}],"wp:term":[{"taxonomy":"product_brand","embeddable":true,"href":"https:\/\/vossgass.no\/en\/wp-json\/wp\/v2\/product_brand?post=14813"},{"taxonomy":"product_cat","embeddable":true,"href":"https:\/\/vossgass.no\/en\/wp-json\/wp\/v2\/product_cat?post=14813"},{"taxonomy":"product_tag","embeddable":true,"href":"https:\/\/vossgass.no\/en\/wp-json\/wp\/v2\/product_tag?post=14813"}],"curies":[{"name":"wp","href":"https:\/\/api.w.org\/{rel}","templated":true}]}}