{"id":14811,"date":"2025-04-15T15:29:21","date_gmt":"2025-04-15T13:29:21","guid":{"rendered":"https:\/\/vossgass.no\/produkt\/kaffitrakter-for-gassbluss-gassgrill-eller-eld\/"},"modified":"2026-04-19T15:26:28","modified_gmt":"2026-04-19T13:26:28","slug":"kaffitrakter-for-gassbluss-gassgrill-eller-eld","status":"publish","type":"product","link":"https:\/\/vossgass.no\/en\/product\/kaffitrakter-for-gassbluss-gassgrill-eller-eld\/","title":{"rendered":"Kaffitrakter for gassbluss &#8211; gassgrill eller eld ."},"content":{"rendered":"","protected":false},"excerpt":{"rendered":"<p>Med Home Away kaffetrakter kan du lage kaffe der du matte v\u00e6re enten du er p\u00e5 hytta, telttur, stranden, eller p\u00e5 grillen i hagen hjemme.<\/p>\n<p>Kan brukes p\u00e5 alle varmekilder<br \/>\n10 kopper brygges p\u00e5 9 minutter<br \/>\nBrygger opp til 12 kopper<\/p>\n<p>Helt uten elektrisitet kan du tilberede kaffe ved hjelp av enhver varmekilde som gassbluss, gassgrill eller ild. Med dryppstopp n\u00e5r du flytter kannen. Metallbase med aluminium for rask oppvarming. Patentert system.<\/p>\n<p>Husk \u00e5 ta trakteren av varmekilden n\u00e5r kaffen er ferdig traktet.<\/p>\n<p>H\u00f8yde (cm): 34<br \/>\nDybde (cm): 22<br \/>\nBredde (cm): 23<br \/>\nVekt (kg): 2,2<br \/>\nFarge:Sort<br \/>\nKapasitet:1,8 liter<\/p>","protected":false},"featured_media":16252,"comment_status":"open","ping_status":"closed","template":"","meta":[],"product_brand":[],"product_cat":[260,292],"product_tag":[],"class_list":{"0":"post-14811","1":"product","2":"type-product","3":"status-publish","4":"has-post-thumbnail","6":"product_cat-hytte-camping-fritid","7":"product_cat-kjokken-gass","9":"first","10":"instock","11":"taxable","12":"shipping-taxable","13":"purchasable","14":"product-type-simple"},"_links":{"self":[{"href":"https:\/\/vossgass.no\/en\/wp-json\/wp\/v2\/product\/14811","targetHints":{"allow":["GET"]}}],"collection":[{"href":"https:\/\/vossgass.no\/en\/wp-json\/wp\/v2\/product"}],"about":[{"href":"https:\/\/vossgass.no\/en\/wp-json\/wp\/v2\/types\/product"}],"replies":[{"embeddable":true,"href":"https:\/\/vossgass.no\/en\/wp-json\/wp\/v2\/comments?post=14811"}],"wp:featuredmedia":[{"embeddable":true,"href":"https:\/\/vossgass.no\/en\/wp-json\/wp\/v2\/media\/16252"}],"wp:attachment":[{"href":"https:\/\/vossgass.no\/en\/wp-json\/wp\/v2\/media?parent=14811"}],"wp:term":[{"taxonomy":"product_brand","embeddable":true,"href":"https:\/\/vossgass.no\/en\/wp-json\/wp\/v2\/product_brand?post=14811"},{"taxonomy":"product_cat","embeddable":true,"href":"https:\/\/vossgass.no\/en\/wp-json\/wp\/v2\/product_cat?post=14811"},{"taxonomy":"product_tag","embeddable":true,"href":"https:\/\/vossgass.no\/en\/wp-json\/wp\/v2\/product_tag?post=14811"}],"curies":[{"name":"wp","href":"https:\/\/api.w.org\/{rel}","templated":true}]}}