{"id":14810,"date":"2025-04-15T15:29:09","date_gmt":"2025-04-15T13:29:09","guid":{"rendered":"https:\/\/vossgass.no\/produkt\/albee-cool-nitrogen-s11-bytte\/"},"modified":"2026-03-18T13:27:23","modified_gmt":"2026-03-18T12:27:23","slug":"albee-cool-nitrogen-s11-bytte","status":"publish","type":"product","link":"https:\/\/vossgass.no\/en\/product\/albee-cool-nitrogen-s11-bytte\/","title":{"rendered":"Albee Cool Nitrogen S11 Bytte"},"content":{"rendered":"","protected":false},"excerpt":{"rendered":"<p>Hva er fordelene med ALbee Cool Nitrogen ( N2)?<\/p>\n<p>Ingen leie eller leieavtale som skal forlenges eller forskutteres<br \/>\nInnebygd regulator, som vi tar service p\u00e5<br \/>\nInnholdsm\u00e5ler &#8211; En veldig tydelig m\u00e5ler som gir bra kontroll og viser hvor mye gass som er igjen p\u00e5 flasken<br \/>\nMed hurtigkobling p\u00e5 slangen kommer du raskt i gang med arbeidet<br \/>\nDet ergonomiske h\u00e5ndtaket gj\u00f8r at du lett kan ta med deg flasken p\u00e5 trange og vanskelige steder<br \/>\n5 eller 11 liters flasker som er lette \u00e5 b\u00e6re<br \/>\nDe er lette og sikre \u00e5 transportere og total vekt p\u00e5 bilen vil bli vesentlig mindre enn med 20-liters flasker<br \/>\nMed ALbee kan du kj\u00f8re lovlig og slippe b\u00f8ter om du havner i en ADR- kontroll. Du m\u00e5 huske \u00e5 koble av slange og stenge ventilen f\u00f8r du transporterer flasken<\/p>","protected":false},"featured_media":16251,"comment_status":"open","ping_status":"closed","template":"","meta":[],"product_brand":[],"product_cat":[263,616],"product_tag":[],"class_list":{"0":"post-14810","1":"product","2":"type-product","3":"status-publish","4":"has-post-thumbnail","6":"product_cat-industrigass","7":"product_cat-nitrogen-industrigass-2","8":"product_shipping_class-kan-ikke-sendes","10":"first","11":"instock","12":"taxable","13":"shipping-taxable","14":"purchasable","15":"product-type-simple"},"_links":{"self":[{"href":"https:\/\/vossgass.no\/en\/wp-json\/wp\/v2\/product\/14810","targetHints":{"allow":["GET"]}}],"collection":[{"href":"https:\/\/vossgass.no\/en\/wp-json\/wp\/v2\/product"}],"about":[{"href":"https:\/\/vossgass.no\/en\/wp-json\/wp\/v2\/types\/product"}],"replies":[{"embeddable":true,"href":"https:\/\/vossgass.no\/en\/wp-json\/wp\/v2\/comments?post=14810"}],"wp:featuredmedia":[{"embeddable":true,"href":"https:\/\/vossgass.no\/en\/wp-json\/wp\/v2\/media\/16251"}],"wp:attachment":[{"href":"https:\/\/vossgass.no\/en\/wp-json\/wp\/v2\/media?parent=14810"}],"wp:term":[{"taxonomy":"product_brand","embeddable":true,"href":"https:\/\/vossgass.no\/en\/wp-json\/wp\/v2\/product_brand?post=14810"},{"taxonomy":"product_cat","embeddable":true,"href":"https:\/\/vossgass.no\/en\/wp-json\/wp\/v2\/product_cat?post=14810"},{"taxonomy":"product_tag","embeddable":true,"href":"https:\/\/vossgass.no\/en\/wp-json\/wp\/v2\/product_tag?post=14810"}],"curies":[{"name":"wp","href":"https:\/\/api.w.org\/{rel}","templated":true}]}}