{"id":14807,"date":"2025-04-15T15:28:34","date_gmt":"2025-04-15T13:28:34","guid":{"rendered":"https:\/\/vossgass.no\/produkt\/brennerlokk-large-gasskomfyr-chef-elegance\/"},"modified":"2025-09-23T11:08:35","modified_gmt":"2025-09-23T09:08:35","slug":"brennerlokk-large-gasskomfyr-chef-elegance","status":"publish","type":"product","link":"https:\/\/vossgass.no\/en\/product\/brennerlokk-large-gasskomfyr-chef-elegance\/","title":{"rendered":"Brennerlokk Large Gasskomfyr Chef\/Elegance"},"content":{"rendered":"","protected":false},"excerpt":{"rendered":"<p>Brennerlokk til stort\/large bluss p\u00e5 Sunwind Chef gasskomfyrer.<\/p>\n<p>Brennerlokket passer ogs\u00e5 til gasskomfyr Elegance 53 cm og 60 cm som ikke har st\u00f8pejernsbrennere fra f\u00f8r.<\/p>","protected":false},"featured_media":16248,"comment_status":"open","ping_status":"closed","template":"","meta":[],"product_brand":[],"product_cat":[260,292],"product_tag":[],"class_list":{"0":"post-14807","1":"product","2":"type-product","3":"status-publish","4":"has-post-thumbnail","6":"product_cat-hytte-camping-fritid","7":"product_cat-kjokken-gass","9":"first","10":"instock","11":"taxable","12":"shipping-taxable","13":"purchasable","14":"product-type-simple"},"_links":{"self":[{"href":"https:\/\/vossgass.no\/en\/wp-json\/wp\/v2\/product\/14807","targetHints":{"allow":["GET"]}}],"collection":[{"href":"https:\/\/vossgass.no\/en\/wp-json\/wp\/v2\/product"}],"about":[{"href":"https:\/\/vossgass.no\/en\/wp-json\/wp\/v2\/types\/product"}],"replies":[{"embeddable":true,"href":"https:\/\/vossgass.no\/en\/wp-json\/wp\/v2\/comments?post=14807"}],"wp:featuredmedia":[{"embeddable":true,"href":"https:\/\/vossgass.no\/en\/wp-json\/wp\/v2\/media\/16248"}],"wp:attachment":[{"href":"https:\/\/vossgass.no\/en\/wp-json\/wp\/v2\/media?parent=14807"}],"wp:term":[{"taxonomy":"product_brand","embeddable":true,"href":"https:\/\/vossgass.no\/en\/wp-json\/wp\/v2\/product_brand?post=14807"},{"taxonomy":"product_cat","embeddable":true,"href":"https:\/\/vossgass.no\/en\/wp-json\/wp\/v2\/product_cat?post=14807"},{"taxonomy":"product_tag","embeddable":true,"href":"https:\/\/vossgass.no\/en\/wp-json\/wp\/v2\/product_tag?post=14807"}],"curies":[{"name":"wp","href":"https:\/\/api.w.org\/{rel}","templated":true}]}}