{"id":14806,"date":"2025-04-15T15:28:22","date_gmt":"2025-04-15T13:28:22","guid":{"rendered":"https:\/\/vossgass.no\/produkt\/privacy-room-front-panel-100-cm-markise-f80-f65\/"},"modified":"2025-10-06T16:01:51","modified_gmt":"2025-10-06T14:01:51","slug":"privacy-room-front-panel-100-cm-markise-f80-f65","status":"publish","type":"product","link":"https:\/\/vossgass.no\/en\/product\/privacy-room-front-panel-100-cm-markise-f80-f65\/","title":{"rendered":"Privacy Room Front Panel 100 cm Markise F80\/F65"},"content":{"rendered":"","protected":false},"excerpt":{"rendered":"<p>Extra frontpanel.<br \/>\n\u00d8nsker man et Privacy Room til st\u00f8rre, avvikende st\u00f8rrelser, kompletterer man med et ekstra frontpanel for \u00e5 oppn\u00e5 full markisebredde.<br \/>\nDybde: 245-280 cm.<\/p>","protected":false},"featured_media":16247,"comment_status":"open","ping_status":"closed","template":"","meta":[],"product_brand":[],"product_cat":[630,260],"product_tag":[],"class_list":{"0":"post-14806","1":"product","2":"type-product","3":"status-publish","4":"has-post-thumbnail","6":"product_cat-camping-bobilutsyr","7":"product_cat-hytte-camping-fritid","9":"first","10":"instock","11":"taxable","12":"shipping-taxable","13":"purchasable","14":"product-type-simple"},"_links":{"self":[{"href":"https:\/\/vossgass.no\/en\/wp-json\/wp\/v2\/product\/14806","targetHints":{"allow":["GET"]}}],"collection":[{"href":"https:\/\/vossgass.no\/en\/wp-json\/wp\/v2\/product"}],"about":[{"href":"https:\/\/vossgass.no\/en\/wp-json\/wp\/v2\/types\/product"}],"replies":[{"embeddable":true,"href":"https:\/\/vossgass.no\/en\/wp-json\/wp\/v2\/comments?post=14806"}],"wp:featuredmedia":[{"embeddable":true,"href":"https:\/\/vossgass.no\/en\/wp-json\/wp\/v2\/media\/16247"}],"wp:attachment":[{"href":"https:\/\/vossgass.no\/en\/wp-json\/wp\/v2\/media?parent=14806"}],"wp:term":[{"taxonomy":"product_brand","embeddable":true,"href":"https:\/\/vossgass.no\/en\/wp-json\/wp\/v2\/product_brand?post=14806"},{"taxonomy":"product_cat","embeddable":true,"href":"https:\/\/vossgass.no\/en\/wp-json\/wp\/v2\/product_cat?post=14806"},{"taxonomy":"product_tag","embeddable":true,"href":"https:\/\/vossgass.no\/en\/wp-json\/wp\/v2\/product_tag?post=14806"}],"curies":[{"name":"wp","href":"https:\/\/api.w.org\/{rel}","templated":true}]}}