{"id":14801,"date":"2025-04-15T15:27:25","date_gmt":"2025-04-15T13:27:25","guid":{"rendered":"https:\/\/vossgass.no\/produkt\/gassboks-u-gj-240-gr-campingaz-cv300\/"},"modified":"2026-01-12T15:58:13","modified_gmt":"2026-01-12T14:58:13","slug":"gassboks-u-gj-240-gr-campingaz-cv300","status":"publish","type":"product","link":"https:\/\/vossgass.no\/en\/product\/gassboks-u-gj-240-gr-campingaz-cv300\/","title":{"rendered":"Gassboks u\/gj 240 gr Campingaz CV300"},"content":{"rendered":"","protected":false},"excerpt":{"rendered":"<p>M\u00c5 HENTAST I BUTIKKEN ELLER AVTALE ALTERNATIV L\u00d8YSING f\u00f8r kj\u00f8p. <\/p>\n<p>Campingaz CV300 Plus.<br \/>\nTil bruk med Campingaz Easy Clic\u00ae Plus og Easy Clic\u00ae apparater.<br \/>\nSelvtettende sikkerhetsventil.<br \/>\nKan lett kobles til og fra ogs\u00e5 n\u00e5r patronen ikke er tom.<br \/>\nInneholder 240 g butan-\/propanblanding.<\/p>","protected":false},"featured_media":16242,"comment_status":"open","ping_status":"closed","template":"","meta":[],"product_brand":[],"product_cat":[318,459,603],"product_tag":[],"class_list":{"0":"post-14801","1":"product","2":"type-product","3":"status-publish","4":"has-post-thumbnail","6":"product_cat-gass-og-gassutstyr","7":"product_cat-gassflaskerer-propan","8":"product_cat-nykjop","9":"product_shipping_class-kan-ikke-sendes","11":"first","12":"instock","13":"taxable","14":"shipping-taxable","15":"purchasable","16":"product-type-simple"},"_links":{"self":[{"href":"https:\/\/vossgass.no\/en\/wp-json\/wp\/v2\/product\/14801","targetHints":{"allow":["GET"]}}],"collection":[{"href":"https:\/\/vossgass.no\/en\/wp-json\/wp\/v2\/product"}],"about":[{"href":"https:\/\/vossgass.no\/en\/wp-json\/wp\/v2\/types\/product"}],"replies":[{"embeddable":true,"href":"https:\/\/vossgass.no\/en\/wp-json\/wp\/v2\/comments?post=14801"}],"wp:featuredmedia":[{"embeddable":true,"href":"https:\/\/vossgass.no\/en\/wp-json\/wp\/v2\/media\/16242"}],"wp:attachment":[{"href":"https:\/\/vossgass.no\/en\/wp-json\/wp\/v2\/media?parent=14801"}],"wp:term":[{"taxonomy":"product_brand","embeddable":true,"href":"https:\/\/vossgass.no\/en\/wp-json\/wp\/v2\/product_brand?post=14801"},{"taxonomy":"product_cat","embeddable":true,"href":"https:\/\/vossgass.no\/en\/wp-json\/wp\/v2\/product_cat?post=14801"},{"taxonomy":"product_tag","embeddable":true,"href":"https:\/\/vossgass.no\/en\/wp-json\/wp\/v2\/product_tag?post=14801"}],"curies":[{"name":"wp","href":"https:\/\/api.w.org\/{rel}","templated":true}]}}