{"id":14790,"date":"2025-04-15T15:25:44","date_gmt":"2025-04-15T13:25:44","guid":{"rendered":"https:\/\/vossgass.no\/produkt\/regulator-50mbar-din477-1-4v\/"},"modified":"2025-09-23T16:38:09","modified_gmt":"2025-09-23T14:38:09","slug":"regulator-50mbar-din477-1-4v","status":"publish","type":"product","link":"https:\/\/vossgass.no\/en\/product\/regulator-50mbar-din477-1-4v\/","title":{"rendered":"Regulator 50mbar DIN477 &#8211; 1\/4&#8243;V"},"content":{"rendered":"","protected":false},"excerpt":{"rendered":"<p>IGT regulator som passer p\u00e5 300600 som gj\u00f8r at du f\u00e5r 50 mbar med click-on ventil og 1\/4&#8243; venstre ut.<\/p>","protected":false},"featured_media":16231,"comment_status":"open","ping_status":"closed","template":"","meta":[],"product_brand":[],"product_cat":[318,456,452],"product_tag":[],"class_list":{"0":"post-14790","1":"product","2":"type-product","3":"status-publish","4":"has-post-thumbnail","6":"product_cat-gass-og-gassutstyr","7":"product_cat-hoytrykk-regulatorer-overganger","8":"product_cat-regulatorer-overganger","10":"first","11":"instock","12":"taxable","13":"shipping-taxable","14":"purchasable","15":"product-type-simple"},"_links":{"self":[{"href":"https:\/\/vossgass.no\/en\/wp-json\/wp\/v2\/product\/14790","targetHints":{"allow":["GET"]}}],"collection":[{"href":"https:\/\/vossgass.no\/en\/wp-json\/wp\/v2\/product"}],"about":[{"href":"https:\/\/vossgass.no\/en\/wp-json\/wp\/v2\/types\/product"}],"replies":[{"embeddable":true,"href":"https:\/\/vossgass.no\/en\/wp-json\/wp\/v2\/comments?post=14790"}],"wp:featuredmedia":[{"embeddable":true,"href":"https:\/\/vossgass.no\/en\/wp-json\/wp\/v2\/media\/16231"}],"wp:attachment":[{"href":"https:\/\/vossgass.no\/en\/wp-json\/wp\/v2\/media?parent=14790"}],"wp:term":[{"taxonomy":"product_brand","embeddable":true,"href":"https:\/\/vossgass.no\/en\/wp-json\/wp\/v2\/product_brand?post=14790"},{"taxonomy":"product_cat","embeddable":true,"href":"https:\/\/vossgass.no\/en\/wp-json\/wp\/v2\/product_cat?post=14790"},{"taxonomy":"product_tag","embeddable":true,"href":"https:\/\/vossgass.no\/en\/wp-json\/wp\/v2\/product_tag?post=14790"}],"curies":[{"name":"wp","href":"https:\/\/api.w.org\/{rel}","templated":true}]}}