{"id":14785,"date":"2025-04-15T15:24:43","date_gmt":"2025-04-15T13:24:43","guid":{"rendered":"https:\/\/vossgass.no\/produkt\/regulator-igt-1-4v-29mbar-click-on-manometer\/"},"modified":"2025-12-13T11:05:31","modified_gmt":"2025-12-13T10:05:31","slug":"regulator-igt-1-4v-29mbar-click-on-manometer","status":"publish","type":"product","link":"https:\/\/vossgass.no\/en\/product\/regulator-igt-1-4v-29mbar-click-on-manometer\/","title":{"rendered":"Regulator IGT 1\/4&#8243;V 29mbar Click-on Manometer"},"content":{"rendered":"","protected":false},"excerpt":{"rendered":"<p>Lavtrykk Click-on regulator med 1\/4&#8243;V utgang og manometer.<br \/>\nManometeret brukes som niv\u00e5indikator (hvor mye du har igjen p\u00e5 flasken) og om det er lekkasje p\u00e5 systemet ditt. <\/p>\n<p>Denne er KUN til bobiler, campingvogner og b\u00e5ter p\u00e5 grunn av at den har overtrykksventil som er et krav i campingvogner, bobiler og b\u00e5ter. <\/p>\n<p>Skal IKKE brukes innend\u00f8rs!<\/p>\n<p>Flasketilkobling: Click-on<br \/>\nTilkobling ut: 1\/4&#8243;V utvendig<br \/>\nKapasitet: 1,5kg\/t<br \/>\nTrykk: 29mBar<br \/>\nSlangebruddsventil<br \/>\nManometer<br \/>\nEN 16129 Annex D-M<\/p>","protected":false},"featured_media":16226,"comment_status":"open","ping_status":"closed","template":"","meta":[],"product_brand":[],"product_cat":[318,454,452],"product_tag":[],"class_list":{"0":"post-14785","1":"product","2":"type-product","3":"status-publish","4":"has-post-thumbnail","6":"product_cat-gass-og-gassutstyr","7":"product_cat-lavtrykk-regulatorer-overganger","8":"product_cat-regulatorer-overganger","10":"first","11":"outofstock","12":"taxable","13":"shipping-taxable","14":"purchasable","15":"product-type-simple"},"_links":{"self":[{"href":"https:\/\/vossgass.no\/en\/wp-json\/wp\/v2\/product\/14785","targetHints":{"allow":["GET"]}}],"collection":[{"href":"https:\/\/vossgass.no\/en\/wp-json\/wp\/v2\/product"}],"about":[{"href":"https:\/\/vossgass.no\/en\/wp-json\/wp\/v2\/types\/product"}],"replies":[{"embeddable":true,"href":"https:\/\/vossgass.no\/en\/wp-json\/wp\/v2\/comments?post=14785"}],"wp:featuredmedia":[{"embeddable":true,"href":"https:\/\/vossgass.no\/en\/wp-json\/wp\/v2\/media\/16226"}],"wp:attachment":[{"href":"https:\/\/vossgass.no\/en\/wp-json\/wp\/v2\/media?parent=14785"}],"wp:term":[{"taxonomy":"product_brand","embeddable":true,"href":"https:\/\/vossgass.no\/en\/wp-json\/wp\/v2\/product_brand?post=14785"},{"taxonomy":"product_cat","embeddable":true,"href":"https:\/\/vossgass.no\/en\/wp-json\/wp\/v2\/product_cat?post=14785"},{"taxonomy":"product_tag","embeddable":true,"href":"https:\/\/vossgass.no\/en\/wp-json\/wp\/v2\/product_tag?post=14785"}],"curies":[{"name":"wp","href":"https:\/\/api.w.org\/{rel}","templated":true}]}}