{"id":14783,"date":"2025-04-15T15:24:20","date_gmt":"2025-04-15T13:24:20","guid":{"rendered":"https:\/\/vossgass.no\/produkt\/regulator-igt-30mbar-m14x15-kg-h-p-2000\/"},"modified":"2025-09-23T16:35:51","modified_gmt":"2025-09-23T14:35:51","slug":"regulator-igt-30mbar-m14x15-kg-h-p-2000","status":"publish","type":"product","link":"https:\/\/vossgass.no\/en\/product\/regulator-igt-30mbar-m14x15-kg-h-p-2000\/","title":{"rendered":"Regulator IGT 30mbar M14x1,5 kg\/h P-2000"},"content":{"rendered":"","protected":false},"excerpt":{"rendered":"<p>Ny modell<\/p>\n<p>Regulator for bl\u00e5flasker 2kg. Ny modell som gj\u00f8r at du slipper \u00e5 skru p\u00e5 flasken, det er bare \u00e5 vri p\u00e5 det rundet sorte rattet.<\/p>\n<p>Flasketilkobling: M14 x 1,5<br \/>\nKapasitet: 1,5 kg\/h<br \/>\nTilkobling ut: 10mm slangesokkel<\/p>","protected":false},"featured_media":16224,"comment_status":"open","ping_status":"closed","template":"","meta":[],"product_brand":[],"product_cat":[318,454,452],"product_tag":[],"class_list":{"0":"post-14783","1":"product","2":"type-product","3":"status-publish","4":"has-post-thumbnail","6":"product_cat-gass-og-gassutstyr","7":"product_cat-lavtrykk-regulatorer-overganger","8":"product_cat-regulatorer-overganger","10":"first","11":"instock","12":"taxable","13":"shipping-taxable","14":"purchasable","15":"product-type-simple"},"_links":{"self":[{"href":"https:\/\/vossgass.no\/en\/wp-json\/wp\/v2\/product\/14783","targetHints":{"allow":["GET"]}}],"collection":[{"href":"https:\/\/vossgass.no\/en\/wp-json\/wp\/v2\/product"}],"about":[{"href":"https:\/\/vossgass.no\/en\/wp-json\/wp\/v2\/types\/product"}],"replies":[{"embeddable":true,"href":"https:\/\/vossgass.no\/en\/wp-json\/wp\/v2\/comments?post=14783"}],"wp:featuredmedia":[{"embeddable":true,"href":"https:\/\/vossgass.no\/en\/wp-json\/wp\/v2\/media\/16224"}],"wp:attachment":[{"href":"https:\/\/vossgass.no\/en\/wp-json\/wp\/v2\/media?parent=14783"}],"wp:term":[{"taxonomy":"product_brand","embeddable":true,"href":"https:\/\/vossgass.no\/en\/wp-json\/wp\/v2\/product_brand?post=14783"},{"taxonomy":"product_cat","embeddable":true,"href":"https:\/\/vossgass.no\/en\/wp-json\/wp\/v2\/product_cat?post=14783"},{"taxonomy":"product_tag","embeddable":true,"href":"https:\/\/vossgass.no\/en\/wp-json\/wp\/v2\/product_tag?post=14783"}],"curies":[{"name":"wp","href":"https:\/\/api.w.org\/{rel}","templated":true}]}}