{"id":14777,"date":"2025-04-15T15:23:00","date_gmt":"2025-04-15T13:23:00","guid":{"rendered":"https:\/\/vossgass.no\/produkt\/veke-23-aladdin-og-21\/"},"modified":"2026-03-27T14:08:36","modified_gmt":"2026-03-27T13:08:36","slug":"veke-23-aladdin-og-21","status":"publish","type":"product","link":"https:\/\/vossgass.no\/en\/product\/veke-23-aladdin-og-21\/","title":{"rendered":"Veke 23&laquo;` Aladdin (og 21*)"},"content":{"rendered":"","protected":false},"excerpt":{"rendered":"<p>Veke for Aladdinlampe nr.  23<br \/>\nPasser til Aladdin 23 brenner<\/p>\n<p>*(Kan ogs\u00e5 brukes i Aladdin 21 brennere, men da m\u00e5 vekel\u00f8fteren byttes ut)<\/p>","protected":false},"featured_media":16218,"comment_status":"open","ping_status":"closed","template":"","meta":[],"product_brand":[],"product_cat":[260,262,644],"product_tag":[],"class_list":{"0":"post-14777","1":"product","2":"type-product","3":"status-publish","4":"has-post-thumbnail","6":"product_cat-hytte-camping-fritid","7":"product_cat-oppvarming-hytte-camping-fritid-2","8":"product_cat-parafinovner-lamper","10":"first","11":"instock","12":"taxable","13":"shipping-taxable","14":"purchasable","15":"product-type-simple"},"_links":{"self":[{"href":"https:\/\/vossgass.no\/en\/wp-json\/wp\/v2\/product\/14777","targetHints":{"allow":["GET"]}}],"collection":[{"href":"https:\/\/vossgass.no\/en\/wp-json\/wp\/v2\/product"}],"about":[{"href":"https:\/\/vossgass.no\/en\/wp-json\/wp\/v2\/types\/product"}],"replies":[{"embeddable":true,"href":"https:\/\/vossgass.no\/en\/wp-json\/wp\/v2\/comments?post=14777"}],"wp:featuredmedia":[{"embeddable":true,"href":"https:\/\/vossgass.no\/en\/wp-json\/wp\/v2\/media\/16218"}],"wp:attachment":[{"href":"https:\/\/vossgass.no\/en\/wp-json\/wp\/v2\/media?parent=14777"}],"wp:term":[{"taxonomy":"product_brand","embeddable":true,"href":"https:\/\/vossgass.no\/en\/wp-json\/wp\/v2\/product_brand?post=14777"},{"taxonomy":"product_cat","embeddable":true,"href":"https:\/\/vossgass.no\/en\/wp-json\/wp\/v2\/product_cat?post=14777"},{"taxonomy":"product_tag","embeddable":true,"href":"https:\/\/vossgass.no\/en\/wp-json\/wp\/v2\/product_tag?post=14777"}],"curies":[{"name":"wp","href":"https:\/\/api.w.org\/{rel}","templated":true}]}}