{"id":14776,"date":"2025-04-15T15:22:49","date_gmt":"2025-04-15T13:22:49","guid":{"rendered":"https:\/\/vossgass.no\/produkt\/kjokkenvifte-cuisine-silver-50cm-12v\/"},"modified":"2026-04-04T13:19:59","modified_gmt":"2026-04-04T11:19:59","slug":"kjokkenvifte-cuisine-silver-50cm-12v","status":"publish","type":"product","link":"https:\/\/vossgass.no\/en\/product\/kjokkenvifte-cuisine-silver-50cm-12v\/","title":{"rendered":"Kj\u00f8kkenvifte Cuisine Silver 50cm 12v"},"content":{"rendered":"","protected":false},"excerpt":{"rendered":"<p>Cuisine er en moderne kj\u00f8kkenvifte som passer perfekt for deg med 12 volt p\u00e5 hytta, i campingvognen eller b\u00e5ten.<\/p>\n<p>3 ulike viftehastigheter<br \/>\nInnebygget belysning<br \/>\nLavt str\u00f8mforbruk<\/p>\n<p>Elegant touch-kontroll med LCD-display i front. Det medf\u00f8lger en LED-lyslist integrert i viften. Viften har doble viftemotorer og aluminiumsfilter. Lydniv\u00e5 53 db.<\/p>\n<p>Viften m\u00e5 ha utlufting gjennom vegg. Effekt p\u00e5 viften er 2 x 16W.<\/p>\n<p>120 mm uttak p\u00e5 utbl\u00e5sningsventil (utvendig). Sug: 100 m3\/t<\/p>\n<p>H\u00f8yde (cm):6<br \/>\nDybde (cm):30<br \/>\nBredde (cm):50<br \/>\nVekt (kg):2,85<br \/>\nFarge:S\u00f8lv\/sort<br \/>\nEffekt:16 watt x 2<br \/>\nStr\u00f8mforsyning:<br \/>\nUtlufting:Ja<br \/>\nLys:Ja<\/p>","protected":false},"featured_media":16217,"comment_status":"open","ping_status":"closed","template":"","meta":[],"product_brand":[],"product_cat":[260,292],"product_tag":[],"class_list":{"0":"post-14776","1":"product","2":"type-product","3":"status-publish","4":"has-post-thumbnail","6":"product_cat-hytte-camping-fritid","7":"product_cat-kjokken-gass","9":"first","10":"outofstock","11":"taxable","12":"shipping-taxable","13":"purchasable","14":"product-type-simple"},"_links":{"self":[{"href":"https:\/\/vossgass.no\/en\/wp-json\/wp\/v2\/product\/14776","targetHints":{"allow":["GET"]}}],"collection":[{"href":"https:\/\/vossgass.no\/en\/wp-json\/wp\/v2\/product"}],"about":[{"href":"https:\/\/vossgass.no\/en\/wp-json\/wp\/v2\/types\/product"}],"replies":[{"embeddable":true,"href":"https:\/\/vossgass.no\/en\/wp-json\/wp\/v2\/comments?post=14776"}],"wp:featuredmedia":[{"embeddable":true,"href":"https:\/\/vossgass.no\/en\/wp-json\/wp\/v2\/media\/16217"}],"wp:attachment":[{"href":"https:\/\/vossgass.no\/en\/wp-json\/wp\/v2\/media?parent=14776"}],"wp:term":[{"taxonomy":"product_brand","embeddable":true,"href":"https:\/\/vossgass.no\/en\/wp-json\/wp\/v2\/product_brand?post=14776"},{"taxonomy":"product_cat","embeddable":true,"href":"https:\/\/vossgass.no\/en\/wp-json\/wp\/v2\/product_cat?post=14776"},{"taxonomy":"product_tag","embeddable":true,"href":"https:\/\/vossgass.no\/en\/wp-json\/wp\/v2\/product_tag?post=14776"}],"curies":[{"name":"wp","href":"https:\/\/api.w.org\/{rel}","templated":true}]}}