{"id":14766,"date":"2025-04-15T15:20:42","date_gmt":"2025-04-15T13:20:42","guid":{"rendered":"https:\/\/vossgass.no\/produkt\/brenner-small-gasskomfyr-chef-elegance\/"},"modified":"2025-10-06T14:49:44","modified_gmt":"2025-10-06T12:49:44","slug":"brenner-small-gasskomfyr-chef-elegance","status":"publish","type":"product","link":"https:\/\/vossgass.no\/en\/product\/brenner-small-gasskomfyr-chef-elegance\/","title":{"rendered":"Brenner Small &#8211; Gasskomfyr Chef\/Elegance"},"content":{"rendered":"","protected":false},"excerpt":{"rendered":"<p>Brennerkrone til gassbluss small p\u00e5 Chef gasskomfyrer.<\/p>\n<p>Brenneren passer ogs\u00e5 til Elegance 53 cm og 60 cm gasskomfyrer som ikke har st\u00f8pejernsbrennere fra f\u00f8r.<\/p>","protected":false},"featured_media":16207,"comment_status":"open","ping_status":"closed","template":"","meta":[],"product_brand":[],"product_cat":[260,292],"product_tag":[],"class_list":{"0":"post-14766","1":"product","2":"type-product","3":"status-publish","4":"has-post-thumbnail","6":"product_cat-hytte-camping-fritid","7":"product_cat-kjokken-gass","9":"first","10":"instock","11":"taxable","12":"shipping-taxable","13":"purchasable","14":"product-type-simple"},"_links":{"self":[{"href":"https:\/\/vossgass.no\/en\/wp-json\/wp\/v2\/product\/14766","targetHints":{"allow":["GET"]}}],"collection":[{"href":"https:\/\/vossgass.no\/en\/wp-json\/wp\/v2\/product"}],"about":[{"href":"https:\/\/vossgass.no\/en\/wp-json\/wp\/v2\/types\/product"}],"replies":[{"embeddable":true,"href":"https:\/\/vossgass.no\/en\/wp-json\/wp\/v2\/comments?post=14766"}],"wp:featuredmedia":[{"embeddable":true,"href":"https:\/\/vossgass.no\/en\/wp-json\/wp\/v2\/media\/16207"}],"wp:attachment":[{"href":"https:\/\/vossgass.no\/en\/wp-json\/wp\/v2\/media?parent=14766"}],"wp:term":[{"taxonomy":"product_brand","embeddable":true,"href":"https:\/\/vossgass.no\/en\/wp-json\/wp\/v2\/product_brand?post=14766"},{"taxonomy":"product_cat","embeddable":true,"href":"https:\/\/vossgass.no\/en\/wp-json\/wp\/v2\/product_cat?post=14766"},{"taxonomy":"product_tag","embeddable":true,"href":"https:\/\/vossgass.no\/en\/wp-json\/wp\/v2\/product_tag?post=14766"}],"curies":[{"name":"wp","href":"https:\/\/api.w.org\/{rel}","templated":true}]}}