{"id":14721,"date":"2025-04-15T15:11:58","date_gmt":"2025-04-15T13:11:58","guid":{"rendered":"https:\/\/vossgass.no\/produkt\/falskbunn-til-grainfather-g30\/"},"modified":"2025-09-23T10:59:03","modified_gmt":"2025-09-23T08:59:03","slug":"falskbunn-til-grainfather-g30","status":"publish","type":"product","link":"https:\/\/vossgass.no\/en\/product\/falskbunn-til-grainfather-g30\/","title":{"rendered":"Falskbunn til Grainfather G30"},"content":{"rendered":"","protected":false},"excerpt":{"rendered":"<p>Falskbunn til Grainfather G30<br \/>\nDenne silbunnen kan brukes som falskbunn ved mesking uten maltr\u00f8ret som orginalt brukes i Grainfather G30.<br \/>\nDette betyr at man f\u00e5r utnyttet nesten hele volumet av G30 som gj\u00f8r det enklere \u00e5 meske brygg med h\u00f8yere OG.<\/p>\n<p>Ved bruk av denne falskbunnen er det sterkt anbefalt \u00e5 bruke en meskepose til \u00e5 ha kornet i. Dette gj\u00f8r det enklere for bryggeren \u00e5 sikre seg god nok sirkulasjon\/gjennomstr\u00f8mning. Samt det gj\u00f8r det sv\u00e6rt enkelt \u00e5 f\u00e5 ut den brukte malten etter ferdig mesking.<\/p>\n<p>For \u00e5 skylle mesken i posen anbefaler vi \u00e5 gj\u00f8re dette i en 30L gj\u00e6ringsb\u00f8tte med det volumet med varmt vann som du beh\u00f8ver for \u00e5 oppn\u00e5 \u00f8nsket &laquo;pre-boil&raquo; volum.<\/p>\n<p>Spesifikasjoner:<\/p>\n<p>Diameter: 297mm<br \/>\n3 st\u00f8tteben<br \/>\nH\u00f8yde: 35mm<br \/>\nSilplaten har perforeringer p\u00e5 2mm<br \/>\nPasser til Grainfather G30, BrewZilla 35 og Digiboil 35.<\/p>","protected":false},"featured_media":16162,"comment_status":"open","ping_status":"closed","template":"","meta":[],"product_brand":[],"product_cat":[256,91],"product_tag":[],"class_list":{"0":"post-14721","1":"product","2":"type-product","3":"status-publish","4":"has-post-thumbnail","6":"product_cat-bryggeutstyr-heimabrygg","7":"product_cat-heimabrygg","9":"first","10":"instock","11":"taxable","12":"shipping-taxable","13":"purchasable","14":"product-type-simple"},"_links":{"self":[{"href":"https:\/\/vossgass.no\/en\/wp-json\/wp\/v2\/product\/14721","targetHints":{"allow":["GET"]}}],"collection":[{"href":"https:\/\/vossgass.no\/en\/wp-json\/wp\/v2\/product"}],"about":[{"href":"https:\/\/vossgass.no\/en\/wp-json\/wp\/v2\/types\/product"}],"replies":[{"embeddable":true,"href":"https:\/\/vossgass.no\/en\/wp-json\/wp\/v2\/comments?post=14721"}],"wp:featuredmedia":[{"embeddable":true,"href":"https:\/\/vossgass.no\/en\/wp-json\/wp\/v2\/media\/16162"}],"wp:attachment":[{"href":"https:\/\/vossgass.no\/en\/wp-json\/wp\/v2\/media?parent=14721"}],"wp:term":[{"taxonomy":"product_brand","embeddable":true,"href":"https:\/\/vossgass.no\/en\/wp-json\/wp\/v2\/product_brand?post=14721"},{"taxonomy":"product_cat","embeddable":true,"href":"https:\/\/vossgass.no\/en\/wp-json\/wp\/v2\/product_cat?post=14721"},{"taxonomy":"product_tag","embeddable":true,"href":"https:\/\/vossgass.no\/en\/wp-json\/wp\/v2\/product_tag?post=14721"}],"curies":[{"name":"wp","href":"https:\/\/api.w.org\/{rel}","templated":true}]}}