{"id":14720,"date":"2025-04-15T15:11:50","date_gmt":"2025-04-15T13:11:50","guid":{"rendered":"https:\/\/vossgass.no\/produkt\/nukatap-tappekran-sort\/"},"modified":"2025-11-12T16:52:36","modified_gmt":"2025-11-12T15:52:36","slug":"nukatap-tappekran-sort","status":"publish","type":"product","link":"https:\/\/vossgass.no\/en\/product\/nukatap-tappekran-sort\/","title":{"rendered":"Nukatap Tappekran &#8211; Sort"},"content":{"rendered":"","protected":false},"excerpt":{"rendered":"<p>Nukatap Tappekran &#8211; Sort &#8211; &laquo;Stealth Bomber&raquo;<br \/>\nNukatap er siste generasjon tappekraner fra Kegland. Designerne bak Nukatap har g\u00e5tt ned i de sm\u00e5 detaljene for \u00e5 skape den ultimate tappekranen man elsker fra f\u00f8rste halvliter.<\/p>\n<p>Tappekranen er designet slik at den forsegles helt forran i kranen. Dette bidrar med minimal drypping\/s\u00f8l og ventilen er langt mindre utsatt for utt\u00f8rking, i motsetning til andre kraner som har ventilmekanismen lengre bak i kranens kropp.<\/p>\n<p>Stealth Bomber har en matt sort finish.<\/p>\n<p>Redusert skumdannelse:<br \/>\nEn av de vanligste \u00e5rsakene til at det skummer n\u00e5r man tapper seg et glass med \u00f8l er fordi tappekranen, som er som regel den varmeste delen av tappesystemet, gj\u00f8r at \u00f8let blir noen grader varmere n\u00e5r det passerer. Dette f\u00e5r co2 til \u00e5 frigj\u00f8res raskere og blir til mye skum i glasset.<br \/>\nKranene fra Nukatap er redusert i &laquo;termisk masse&raquo; som gj\u00f8r at mindre kaldt \u00f8l kreves for \u00e5 f\u00e5 kj\u00f8lt ned kranen, som minimerer skumdannelse.<\/p>\n<p>Mindre turbulens:<br \/>\nVentilen i Nukatap, som har f\u00e5tt kallenavnet &laquo;Nukashuttle&raquo; er den f\u00f8rste av sitt slag av design som gir en s\u00f8ml\u00f8s lukkemekanisme. Ventilen er formet som en &laquo;bombe&raquo; som resulterer i en tapping som er n\u00e6rmest fri for turbulens, kalt for &laquo;lamin\u00e6r str\u00f8mning&raquo;.<br \/>\nDet er den velkjente formen av ventilen som har gitt navnet til tappekranen, Nukatap.<\/p>\n<p>Sv\u00e6rt enkel \u00e5 holde ren:<br \/>\nVentilen til Nukatap er unik og den f\u00f8rste som b\u00e5de s\u00f8rger for lukking og forsegling i ett stykke. I forhold til tradisjonelle ventiler som oftest har en o-ring som forsegler mot ventilen, s\u00e5 har ikke Nukatap dette. Dette gj\u00f8r at det er ingen sprekker eller o-ring spor som gir mulighet for mikrober og rusk til \u00e5 sette seg fast inni kranen.<\/p>\n<p>Lang levetid:<br \/>\nTappekraner blir ofte eksponert for kjemikalier som inneholder enten kaustiske eller syrlige stoffer i sammenheng med rengj\u00f8ring. De blir ogs\u00e5 utsatt for syrlig drikke som f.eks. sur\u00f8l eller kombutcha. Denne eksponeringen gj\u00f8r at o-ringer kan t\u00f8rke og ikke klarer \u00e5 forsegle like godt som f\u00f8r. Alle slike deler, inkludert &laquo;Nukashuttle&raquo;, er produsert av n\u00e6ringmiddelgodkjente matrialer som er beregnet for \u00e5 motst\u00e5 syre over lang tid.<br \/>\nSom gj\u00f8r at kranen f\u00e5r en sv\u00e6rt lang levetid f\u00f8r evt. deler m\u00e5 byttes ut.<\/p>\n<p>Tilpasset st\u00f8rre h\u00e5ndtak:<br \/>\nNukatap sine kraner er produsert med en 2,5 graders vinkel bakover n\u00e5r kranen er lukket. Mange tappekraner har en lukket stilling som er loddrett opp, noe som gj\u00f8r at tappekraner ikke forsegles 100% hvis man bruker et st\u00f8rre og tyngre tappeh\u00e5ndtak.  Med Nukatap sine kraner vil h\u00e5ndtaket lene seg litt bakover slik at et stort og\/eller tyngre h\u00e5ndtak vil heller hjelpe med \u00e5 holde kranen lukket.<\/p>\n<p>Stort utvalg av tillegsutstyr:<\/p>\n<p>Hette til \u00e5 forsegle tappetuten n\u00e5r den ikke er i bruk<br \/>\nSelvlukkende fj\u00e6r<br \/>\nStout spout som gir deg den perfekte tapping av stout og portere.<br \/>\nBall lock spout<br \/>\nGrowler filler, b\u00e5de med gjenger eller &laquo;push-in&raquo;.<\/p>","protected":false},"featured_media":16161,"comment_status":"open","ping_status":"closed","template":"","meta":[],"product_brand":[],"product_cat":[257,91],"product_tag":[],"class_list":{"0":"post-14720","1":"product","2":"type-product","3":"status-publish","4":"has-post-thumbnail","6":"product_cat-gjaering-heimabrygg","7":"product_cat-heimabrygg","9":"first","10":"instock","11":"taxable","12":"shipping-taxable","13":"purchasable","14":"product-type-simple"},"_links":{"self":[{"href":"https:\/\/vossgass.no\/en\/wp-json\/wp\/v2\/product\/14720","targetHints":{"allow":["GET"]}}],"collection":[{"href":"https:\/\/vossgass.no\/en\/wp-json\/wp\/v2\/product"}],"about":[{"href":"https:\/\/vossgass.no\/en\/wp-json\/wp\/v2\/types\/product"}],"replies":[{"embeddable":true,"href":"https:\/\/vossgass.no\/en\/wp-json\/wp\/v2\/comments?post=14720"}],"wp:featuredmedia":[{"embeddable":true,"href":"https:\/\/vossgass.no\/en\/wp-json\/wp\/v2\/media\/16161"}],"wp:attachment":[{"href":"https:\/\/vossgass.no\/en\/wp-json\/wp\/v2\/media?parent=14720"}],"wp:term":[{"taxonomy":"product_brand","embeddable":true,"href":"https:\/\/vossgass.no\/en\/wp-json\/wp\/v2\/product_brand?post=14720"},{"taxonomy":"product_cat","embeddable":true,"href":"https:\/\/vossgass.no\/en\/wp-json\/wp\/v2\/product_cat?post=14720"},{"taxonomy":"product_tag","embeddable":true,"href":"https:\/\/vossgass.no\/en\/wp-json\/wp\/v2\/product_tag?post=14720"}],"curies":[{"name":"wp","href":"https:\/\/api.w.org\/{rel}","templated":true}]}}