{"id":14716,"date":"2025-04-15T15:11:04","date_gmt":"2025-04-15T13:11:04","guid":{"rendered":"https:\/\/vossgass.no\/produkt\/hurtigkobling-f7-16-uns-x-5-16\/"},"modified":"2026-03-20T16:30:24","modified_gmt":"2026-03-20T15:30:24","slug":"hurtigkobling-f7-16-uns-x-5-16","status":"publish","type":"product","link":"https:\/\/vossgass.no\/en\/product\/hurtigkobling-f7-16-uns-x-5-16\/","title":{"rendered":"8mm (5\/16&#8243;) til 1\/4&#8243; (7\/16) FFL Duotight Hurtigkobling"},"content":{"rendered":"","protected":false},"excerpt":{"rendered":"<p>Duotight hurtigkobling 8mm (5\/16&#8243;) til 1\/4 FFL <\/p>\n<p>Duotight push-in fittings utviklet av Australske KegLand er de beste hurtigkoblingene p\u00e5 markedet. Her har fokus v\u00e6rt kvalitet, og de har videreutviklet konseptet hvor det benyttes doble O-ringer (laget av EPDM*) for \u00e5 sikre at koblingene ikke lekker, selv om slangene b\u00f8yes og bendes mer enn normalt. \u00d8nsker du koblinger og tappelinjer som holder tett skal du velge Duotight hurtigkoblinge fra KegLand. Takler trykk opp til 100psi.<\/p>\n<p>Optimal l\u00f8sning f\u00e5r du n\u00e5r du benytter disse sammen med diffusjonstettet EVABarrier slanger fra KegLand.<\/p>\n<p>EPDM = Ethylene Propylene gummi. God kjemisk motstandsdyktighet, inklusiv ozon, ulike olje-produkter, alakaliske og syre-produkter, vann, alkohol, ketoner og drikkevarer generelt. EPDM har ogs\u00e5 gode aldrings- og slite-egenskaper, er uten BPA (bisphenol A) og er generelt \u00e5 foretrekke fremfor silikon og andre lignende produkter.<\/p>\n<p>Omregning mellom tommer og mm<\/p>\n<p>S\u00f8rg for \u00e5 velge hurtigkoblinger som passer til dine r\u00f8r- og slangedimensjoner:<\/p>\n<p>3\/8&#8243; tilsvarer omtrent 10mm (9,53mm)<br \/>\n5\/16&#8243; tilsvarer omtrent 8mm (7,94mm)<br \/>\n1\/4&#8243; tilsvarer omtrent 6mm (6,35mm)<\/p>","protected":false},"featured_media":16157,"comment_status":"open","ping_status":"closed","template":"","meta":[],"product_brand":[],"product_cat":[257,91],"product_tag":[],"class_list":{"0":"post-14716","1":"product","2":"type-product","3":"status-publish","4":"has-post-thumbnail","6":"product_cat-gjaering-heimabrygg","7":"product_cat-heimabrygg","9":"first","10":"instock","11":"taxable","12":"shipping-taxable","13":"purchasable","14":"product-type-simple"},"_links":{"self":[{"href":"https:\/\/vossgass.no\/en\/wp-json\/wp\/v2\/product\/14716","targetHints":{"allow":["GET"]}}],"collection":[{"href":"https:\/\/vossgass.no\/en\/wp-json\/wp\/v2\/product"}],"about":[{"href":"https:\/\/vossgass.no\/en\/wp-json\/wp\/v2\/types\/product"}],"replies":[{"embeddable":true,"href":"https:\/\/vossgass.no\/en\/wp-json\/wp\/v2\/comments?post=14716"}],"wp:featuredmedia":[{"embeddable":true,"href":"https:\/\/vossgass.no\/en\/wp-json\/wp\/v2\/media\/16157"}],"wp:attachment":[{"href":"https:\/\/vossgass.no\/en\/wp-json\/wp\/v2\/media?parent=14716"}],"wp:term":[{"taxonomy":"product_brand","embeddable":true,"href":"https:\/\/vossgass.no\/en\/wp-json\/wp\/v2\/product_brand?post=14716"},{"taxonomy":"product_cat","embeddable":true,"href":"https:\/\/vossgass.no\/en\/wp-json\/wp\/v2\/product_cat?post=14716"},{"taxonomy":"product_tag","embeddable":true,"href":"https:\/\/vossgass.no\/en\/wp-json\/wp\/v2\/product_tag?post=14716"}],"curies":[{"name":"wp","href":"https:\/\/api.w.org\/{rel}","templated":true}]}}