{"id":14715,"date":"2025-04-15T15:10:52","date_gmt":"2025-04-15T13:10:52","guid":{"rendered":"https:\/\/vossgass.no\/produkt\/duotight-blowtie-spunding-valve\/"},"modified":"2026-04-23T15:38:03","modified_gmt":"2026-04-23T13:38:03","slug":"duotight-blowtie-spunding-valve","status":"publish","type":"product","link":"https:\/\/vossgass.no\/en\/product\/duotight-blowtie-spunding-valve\/","title":{"rendered":"Duotight Blowtie 2 Spunding valve"},"content":{"rendered":"","protected":false},"excerpt":{"rendered":"<p>Ny Blowtie versjon fra Kegland, n\u00e5 med innebygd manometer!<br \/>\nDenne er designet for \u00e5 v\u00e6re sv\u00e6rt enkel \u00e5 bruke, samtidig som den beholder den h\u00f8ye n\u00f8yaktigheten som Blowtie er kjent for. Enheten kommer med 8mm Duotight koblinger, tilpasset EVABarrier 4x8mm og 5x8mm slanger. Ventilen kan enkelt demonteres for rengj\u00f8ring ved hjelp av skruene p\u00e5 toppen.<\/p>\n<p>Hele regulatoren kan lett demonteres med et stjerneskrujern for grundig rengj\u00f8ring!<\/p>\n<p>Specifications:<\/p>\n<p>Trykkomr\u00e5de: 0-1,0 bar (0-15 psi)<br \/>\nLaget av n\u00e6ringsmiddelgodkjent konstruksjonsplast (POM: polyoxymethylene)<br \/>\nSkruer av rustfritt st\u00e5l<br \/>\n8 mm (passer til 5\/16&#8243; PET slange) pushfit koblinger p\u00e5 begge sider<\/p>\n<p>Instruks for bruk:<\/p>\n<p>Mottrykket justeres ved \u00e5 vri p\u00e5 den gule vrideren. Vrir man med klokken \u00f8kes trykket, og mot klokken senkes trykket.<br \/>\nV\u00e5rt tips er \u00e5 trykksette et fat med litt over 1 bar, og bruke dette til \u00e5 justere ventilen ned til \u00f8nsket trykk f\u00f8r koblingen brukes p\u00e5 gj\u00e6ringstank eller lignende. Da er alt riktig innstilt f\u00f8r det har bygd seg opp trykk i gj\u00e6ringstanken.<\/p>\n<p>Ved f\u00f8rstegangsbruk er det anbefalt \u00e5 f\u00f8lge anvisningen over og la ventilen st\u00e5 under trykk i noen timer som en innkj\u00f8ring. Dette for \u00e5 f\u00e5 mest mulig n\u00f8yaktighet n\u00e5r produktet tas i bruk.<\/p>\n<p>OBS: Det er viktig \u00e5 ikke overskride det manometeret er beregnet for, da dette kan skade manometeret. Det er derfor lurt \u00e5 forh\u00e5ndsinstille ventilen slik det er nevnt over, dersom den f.eks skal brukes p\u00e5 et fat som er overkarbonert.<\/p>","protected":false},"featured_media":16156,"comment_status":"open","ping_status":"closed","template":"","meta":[],"product_brand":[],"product_cat":[256,91],"product_tag":[],"class_list":{"0":"post-14715","1":"product","2":"type-product","3":"status-publish","4":"has-post-thumbnail","6":"product_cat-bryggeutstyr-heimabrygg","7":"product_cat-heimabrygg","9":"first","10":"instock","11":"taxable","12":"shipping-taxable","13":"purchasable","14":"product-type-simple"},"_links":{"self":[{"href":"https:\/\/vossgass.no\/en\/wp-json\/wp\/v2\/product\/14715","targetHints":{"allow":["GET"]}}],"collection":[{"href":"https:\/\/vossgass.no\/en\/wp-json\/wp\/v2\/product"}],"about":[{"href":"https:\/\/vossgass.no\/en\/wp-json\/wp\/v2\/types\/product"}],"replies":[{"embeddable":true,"href":"https:\/\/vossgass.no\/en\/wp-json\/wp\/v2\/comments?post=14715"}],"wp:featuredmedia":[{"embeddable":true,"href":"https:\/\/vossgass.no\/en\/wp-json\/wp\/v2\/media\/16156"}],"wp:attachment":[{"href":"https:\/\/vossgass.no\/en\/wp-json\/wp\/v2\/media?parent=14715"}],"wp:term":[{"taxonomy":"product_brand","embeddable":true,"href":"https:\/\/vossgass.no\/en\/wp-json\/wp\/v2\/product_brand?post=14715"},{"taxonomy":"product_cat","embeddable":true,"href":"https:\/\/vossgass.no\/en\/wp-json\/wp\/v2\/product_cat?post=14715"},{"taxonomy":"product_tag","embeddable":true,"href":"https:\/\/vossgass.no\/en\/wp-json\/wp\/v2\/product_tag?post=14715"}],"curies":[{"name":"wp","href":"https:\/\/api.w.org\/{rel}","templated":true}]}}