{"id":14713,"date":"2025-04-15T15:10:32","date_gmt":"2025-04-15T13:10:32","guid":{"rendered":"https:\/\/vossgass.no\/produkt\/flow-control-ball-lock-disconnect\/"},"modified":"2026-03-05T11:45:28","modified_gmt":"2026-03-05T10:45:28","slug":"flow-control-ball-lock-disconnect","status":"publish","type":"product","link":"https:\/\/vossgass.no\/en\/product\/flow-control-ball-lock-disconnect\/","title":{"rendered":"Flow control ball lock disconnect"},"content":{"rendered":"","protected":false},"excerpt":{"rendered":"<p>Unng\u00e5 skumproblemer med ball lock hurtigkobling med struping og MLF-gjenger. En utmerket m\u00e5te \u00e5 justere trykket p\u00e5 det du tapper fra fatet, og gir deg konrollen du trenger ved bruk av BeerGun og tappet\u00e5rn.<\/p>\n<p>1\/4&#8243; MLF-gjenger<\/p>","protected":false},"featured_media":16154,"comment_status":"open","ping_status":"closed","template":"","meta":[],"product_brand":[],"product_cat":[256,91],"product_tag":[],"class_list":{"0":"post-14713","1":"product","2":"type-product","3":"status-publish","4":"has-post-thumbnail","6":"product_cat-bryggeutstyr-heimabrygg","7":"product_cat-heimabrygg","9":"first","10":"outofstock","11":"taxable","12":"shipping-taxable","13":"purchasable","14":"product-type-simple"},"_links":{"self":[{"href":"https:\/\/vossgass.no\/en\/wp-json\/wp\/v2\/product\/14713","targetHints":{"allow":["GET"]}}],"collection":[{"href":"https:\/\/vossgass.no\/en\/wp-json\/wp\/v2\/product"}],"about":[{"href":"https:\/\/vossgass.no\/en\/wp-json\/wp\/v2\/types\/product"}],"replies":[{"embeddable":true,"href":"https:\/\/vossgass.no\/en\/wp-json\/wp\/v2\/comments?post=14713"}],"wp:featuredmedia":[{"embeddable":true,"href":"https:\/\/vossgass.no\/en\/wp-json\/wp\/v2\/media\/16154"}],"wp:attachment":[{"href":"https:\/\/vossgass.no\/en\/wp-json\/wp\/v2\/media?parent=14713"}],"wp:term":[{"taxonomy":"product_brand","embeddable":true,"href":"https:\/\/vossgass.no\/en\/wp-json\/wp\/v2\/product_brand?post=14713"},{"taxonomy":"product_cat","embeddable":true,"href":"https:\/\/vossgass.no\/en\/wp-json\/wp\/v2\/product_cat?post=14713"},{"taxonomy":"product_tag","embeddable":true,"href":"https:\/\/vossgass.no\/en\/wp-json\/wp\/v2\/product_tag?post=14713"}],"curies":[{"name":"wp","href":"https:\/\/api.w.org\/{rel}","templated":true}]}}