{"id":14712,"date":"2025-04-15T15:10:24","date_gmt":"2025-04-15T13:10:24","guid":{"rendered":"https:\/\/vossgass.no\/produkt\/trykksett-til-bl-a-fermzilla\/"},"modified":"2025-09-23T10:58:26","modified_gmt":"2025-09-23T08:58:26","slug":"trykksett-til-bl-a-fermzilla","status":"publish","type":"product","link":"https:\/\/vossgass.no\/en\/product\/trykksett-til-bl-a-fermzilla\/","title":{"rendered":"Trykksett til bl a Fermzilla"},"content":{"rendered":"","protected":false},"excerpt":{"rendered":"<p>Trykksett til Fermzilla koniske og Fermzilla All-Rounder gj\u00e6ringstanker som gj\u00f8r gj\u00e6ringstanken til en &laquo;unitank&raquo; og lar deg utnytte potensialet i tanken maksimalt.<\/p>\n<p>Gj\u00e6ring under trykk<\/p>\n<p>Trykksettet  gj\u00f8r det mulig \u00e5 gj\u00e6re under trykk, noe som reduserer produksjonen av estere og fuselalkoholer. Det betyr at du kan gj\u00e6re varmere enn normalt, og til og med brygge lager i romtemperatur. De aller fleste kommersielle \u00f8l er gj\u00e6ret under trykk, og hjemmebryggere har mye \u00e5 hente ved \u00e5 gj\u00f8re det samme. Ved \u00e5 gj\u00e6re under trykk reduserer du ogs\u00e5 faren for oksidering.<br \/>\nSett p\u00e5 en spunding valve (ikke inkludert) for optimal kontroll over gj\u00e6ringen.<\/p>\n<p>Karbonering, overf\u00f8ring og servering<\/p>\n<p>Med en spunding valve kan du ogs\u00e5 sette \u00f8nsket trykk og f\u00e5 ferdig karbonert \u00f8l n\u00e5r gj\u00e6ringen er ferdig. Du kan enten servere direkte fra gj\u00e6ringskaret, eller tappe ferdig karbonert \u00f8l over p\u00e5 et fat.<\/p>","protected":false},"featured_media":16153,"comment_status":"open","ping_status":"closed","template":"","meta":[],"product_brand":[],"product_cat":[257,91],"product_tag":[],"class_list":{"0":"post-14712","1":"product","2":"type-product","3":"status-publish","4":"has-post-thumbnail","6":"product_cat-gjaering-heimabrygg","7":"product_cat-heimabrygg","9":"first","10":"instock","11":"taxable","12":"shipping-taxable","13":"purchasable","14":"product-type-simple"},"_links":{"self":[{"href":"https:\/\/vossgass.no\/en\/wp-json\/wp\/v2\/product\/14712","targetHints":{"allow":["GET"]}}],"collection":[{"href":"https:\/\/vossgass.no\/en\/wp-json\/wp\/v2\/product"}],"about":[{"href":"https:\/\/vossgass.no\/en\/wp-json\/wp\/v2\/types\/product"}],"replies":[{"embeddable":true,"href":"https:\/\/vossgass.no\/en\/wp-json\/wp\/v2\/comments?post=14712"}],"wp:featuredmedia":[{"embeddable":true,"href":"https:\/\/vossgass.no\/en\/wp-json\/wp\/v2\/media\/16153"}],"wp:attachment":[{"href":"https:\/\/vossgass.no\/en\/wp-json\/wp\/v2\/media?parent=14712"}],"wp:term":[{"taxonomy":"product_brand","embeddable":true,"href":"https:\/\/vossgass.no\/en\/wp-json\/wp\/v2\/product_brand?post=14712"},{"taxonomy":"product_cat","embeddable":true,"href":"https:\/\/vossgass.no\/en\/wp-json\/wp\/v2\/product_cat?post=14712"},{"taxonomy":"product_tag","embeddable":true,"href":"https:\/\/vossgass.no\/en\/wp-json\/wp\/v2\/product_tag?post=14712"}],"curies":[{"name":"wp","href":"https:\/\/api.w.org\/{rel}","templated":true}]}}