{"id":14707,"date":"2025-04-15T15:09:32","date_gmt":"2025-04-15T13:09:32","guid":{"rendered":"https:\/\/vossgass.no\/produkt\/gassboks-novacet-plus-60-gr-butan\/"},"modified":"2026-02-11T10:40:29","modified_gmt":"2026-02-11T09:40:29","slug":"gassboks-novacet-plus-60-gr-butan","status":"publish","type":"product","link":"https:\/\/vossgass.no\/en\/product\/gassboks-novacet-plus-60-gr-butan\/","title":{"rendered":"Gassboks Novacet Plus 60 gr Butan"},"content":{"rendered":"","protected":false},"excerpt":{"rendered":"<p>Smal spesial ventilboks som er fylt med et skumlingnende middel som gj\u00f8r at den ikke flammer opp ved bruk opp ned. Passer inn i h\u00e5ndtak til diverse verkt\u00f8y.<\/p>\n<p>Innhold: Butan<br \/>\nMengde: 60g<br \/>\nFlasketilkobling: 7\/16 ventilboksgjenger<\/p>","protected":false},"featured_media":16148,"comment_status":"open","ping_status":"closed","template":"","meta":[],"product_brand":[],"product_cat":[318,459,603],"product_tag":[],"class_list":{"0":"post-14707","1":"product","2":"type-product","3":"status-publish","4":"has-post-thumbnail","6":"product_cat-gass-og-gassutstyr","7":"product_cat-gassflaskerer-propan","8":"product_cat-nykjop","9":"product_shipping_class-kan-ikke-sendes","11":"first","12":"instock","13":"taxable","14":"shipping-taxable","15":"purchasable","16":"product-type-simple"},"_links":{"self":[{"href":"https:\/\/vossgass.no\/en\/wp-json\/wp\/v2\/product\/14707","targetHints":{"allow":["GET"]}}],"collection":[{"href":"https:\/\/vossgass.no\/en\/wp-json\/wp\/v2\/product"}],"about":[{"href":"https:\/\/vossgass.no\/en\/wp-json\/wp\/v2\/types\/product"}],"replies":[{"embeddable":true,"href":"https:\/\/vossgass.no\/en\/wp-json\/wp\/v2\/comments?post=14707"}],"wp:featuredmedia":[{"embeddable":true,"href":"https:\/\/vossgass.no\/en\/wp-json\/wp\/v2\/media\/16148"}],"wp:attachment":[{"href":"https:\/\/vossgass.no\/en\/wp-json\/wp\/v2\/media?parent=14707"}],"wp:term":[{"taxonomy":"product_brand","embeddable":true,"href":"https:\/\/vossgass.no\/en\/wp-json\/wp\/v2\/product_brand?post=14707"},{"taxonomy":"product_cat","embeddable":true,"href":"https:\/\/vossgass.no\/en\/wp-json\/wp\/v2\/product_cat?post=14707"},{"taxonomy":"product_tag","embeddable":true,"href":"https:\/\/vossgass.no\/en\/wp-json\/wp\/v2\/product_tag?post=14707"}],"curies":[{"name":"wp","href":"https:\/\/api.w.org\/{rel}","templated":true}]}}