{"id":14703,"date":"2025-04-15T15:08:48","date_gmt":"2025-04-15T13:08:48","guid":{"rendered":"https:\/\/vossgass.no\/produkt\/krabbekoker-3-ben-u-tennsikring-76kw-kun-utendors\/"},"modified":"2026-01-13T11:50:31","modified_gmt":"2026-01-13T10:50:31","slug":"krabbekoker-3-ben-u-tennsikring-76kw-kun-utendors","status":"publish","type":"product","link":"https:\/\/vossgass.no\/en\/product\/krabbekoker-3-ben-u-tennsikring-76kw-kun-utendors\/","title":{"rendered":"Krabbekoker 3 ben u\/tennsikring 7,6kw KUN UTEND\u00d8RS"},"content":{"rendered":"","protected":false},"excerpt":{"rendered":"<p>En st\u00f8pejernsbrenner eller krabbekoker har mange bruksomr\u00e5der. Det er en enkel men kraftig brenner \u00e5 ha med p\u00e5 tur eller for brygging av \u00f8l. V\u00e6r oppmerksom p\u00e5 at ved bruk av kokeinnretning som stor diameter vil varmen kunne sl\u00e5 ned mot underlaget. Anbefales \u00e5 sette brenneren p\u00e5 ett ikke brenbart underlag.  Enkel spalte justering av gassblanding for perfekt flamme (bl\u00e5). Enkel justering av effekt med n\u00e5lventil. Lettere \u00e5 f\u00e5 stabil mot underlag med 3 ben.<\/p>\n<p>NB! KUN FOR UTEND\u00d8RS BRUK<\/p>\n<p>Effekt: 7,5 kW<br \/>\nVekt: 4 kg<br \/>\nM\u00e5l: 560 x 350 x 200 (LxBxH)<br \/>\nGasstrykk: 30 mbar<br \/>\nSlange og regulator f\u00f8lger ikke med.<\/p>","protected":false},"featured_media":16144,"comment_status":"open","ping_status":"closed","template":"","meta":[],"product_brand":[],"product_cat":[260,292],"product_tag":[],"class_list":{"0":"post-14703","1":"product","2":"type-product","3":"status-publish","4":"has-post-thumbnail","6":"product_cat-hytte-camping-fritid","7":"product_cat-kjokken-gass","9":"first","10":"instock","11":"taxable","12":"shipping-taxable","13":"purchasable","14":"product-type-simple"},"_links":{"self":[{"href":"https:\/\/vossgass.no\/en\/wp-json\/wp\/v2\/product\/14703","targetHints":{"allow":["GET"]}}],"collection":[{"href":"https:\/\/vossgass.no\/en\/wp-json\/wp\/v2\/product"}],"about":[{"href":"https:\/\/vossgass.no\/en\/wp-json\/wp\/v2\/types\/product"}],"replies":[{"embeddable":true,"href":"https:\/\/vossgass.no\/en\/wp-json\/wp\/v2\/comments?post=14703"}],"wp:featuredmedia":[{"embeddable":true,"href":"https:\/\/vossgass.no\/en\/wp-json\/wp\/v2\/media\/16144"}],"wp:attachment":[{"href":"https:\/\/vossgass.no\/en\/wp-json\/wp\/v2\/media?parent=14703"}],"wp:term":[{"taxonomy":"product_brand","embeddable":true,"href":"https:\/\/vossgass.no\/en\/wp-json\/wp\/v2\/product_brand?post=14703"},{"taxonomy":"product_cat","embeddable":true,"href":"https:\/\/vossgass.no\/en\/wp-json\/wp\/v2\/product_cat?post=14703"},{"taxonomy":"product_tag","embeddable":true,"href":"https:\/\/vossgass.no\/en\/wp-json\/wp\/v2\/product_tag?post=14703"}],"curies":[{"name":"wp","href":"https:\/\/api.w.org\/{rel}","templated":true}]}}