{"id":14701,"date":"2025-04-15T15:08:23","date_gmt":"2025-04-15T13:08:23","guid":{"rendered":"https:\/\/vossgass.no\/produkt\/flaskeskyller-liten\/"},"modified":"2026-04-09T13:06:00","modified_gmt":"2026-04-09T11:06:00","slug":"flaskeskyller-liten","status":"publish","type":"product","link":"https:\/\/vossgass.no\/en\/product\/flaskeskyller-liten\/","title":{"rendered":"Flaskeskyller, liten"},"content":{"rendered":"","protected":false},"excerpt":{"rendered":"<p>Kompakt flaskeskyller perfekt for \u00e5 rense og desinfisere \u00f8l og vinflasker.<br \/>\nHar et reservoar som rommer 0,3L med f.eks. utblandet Craftsan.<\/p>\n<p>Ved \u00e5 raskt presse flasken ned p\u00e5 dysen et par ganger vil dysen produsere en kraftig str\u00e5le som vil renser hele flasken innvendig.<\/p>\n<p>Passer \u00e5 montere p\u00e5 flaskestativet for 45 flasker.  <\/p>\n<p>Diameter i toppen: 12 cm<br \/>\nH\u00f8yde: 20,2 cm<br \/>\nVolum: Ca 0,3 liter<br \/>\nOBS!<br \/>\nFlaskeskylleren er ikke egnet for lang tids oppbevaring av Craftsan eller andre syrebaserte desinfeksjonsmidler.<\/p>\n<p>Etter man er ferdig med \u00e5 bruke flaskeskylleren b\u00f8r den demonteres slik at den innvendinge fj\u00e6ren ikke utsetter plastdelene for stress over tid.<\/p>\n<p>Alle deler m\u00e5 skylles i rent vann og legges til t\u00f8rk.<\/p>","protected":false},"featured_media":16142,"comment_status":"open","ping_status":"closed","template":"","meta":[],"product_brand":[],"product_cat":[257,91],"product_tag":[],"class_list":{"0":"post-14701","1":"product","2":"type-product","3":"status-publish","4":"has-post-thumbnail","6":"product_cat-gjaering-heimabrygg","7":"product_cat-heimabrygg","9":"first","10":"instock","11":"taxable","12":"shipping-taxable","13":"purchasable","14":"product-type-simple"},"_links":{"self":[{"href":"https:\/\/vossgass.no\/en\/wp-json\/wp\/v2\/product\/14701","targetHints":{"allow":["GET"]}}],"collection":[{"href":"https:\/\/vossgass.no\/en\/wp-json\/wp\/v2\/product"}],"about":[{"href":"https:\/\/vossgass.no\/en\/wp-json\/wp\/v2\/types\/product"}],"replies":[{"embeddable":true,"href":"https:\/\/vossgass.no\/en\/wp-json\/wp\/v2\/comments?post=14701"}],"wp:featuredmedia":[{"embeddable":true,"href":"https:\/\/vossgass.no\/en\/wp-json\/wp\/v2\/media\/16142"}],"wp:attachment":[{"href":"https:\/\/vossgass.no\/en\/wp-json\/wp\/v2\/media?parent=14701"}],"wp:term":[{"taxonomy":"product_brand","embeddable":true,"href":"https:\/\/vossgass.no\/en\/wp-json\/wp\/v2\/product_brand?post=14701"},{"taxonomy":"product_cat","embeddable":true,"href":"https:\/\/vossgass.no\/en\/wp-json\/wp\/v2\/product_cat?post=14701"},{"taxonomy":"product_tag","embeddable":true,"href":"https:\/\/vossgass.no\/en\/wp-json\/wp\/v2\/product_tag?post=14701"}],"curies":[{"name":"wp","href":"https:\/\/api.w.org\/{rel}","templated":true}]}}