{"id":14699,"date":"2025-04-15T15:08:07","date_gmt":"2025-04-15T13:08:07","guid":{"rendered":"https:\/\/vossgass.no\/produkt\/hurtigkobling-m1-2-ntp-x-3-8\/"},"modified":"2025-12-19T14:27:18","modified_gmt":"2025-12-19T13:27:18","slug":"hurtigkobling-m1-2-ntp-x-3-8","status":"publish","type":"product","link":"https:\/\/vossgass.no\/en\/product\/hurtigkobling-m1-2-ntp-x-3-8\/","title":{"rendered":"Hurtigkobling m1\/2&#8243; NTP x 3\/8&#8243;"},"content":{"rendered":"","protected":false},"excerpt":{"rendered":"<p>Overgang fra 1\/2&#8243; NPT til 3\/8&#8243; slangekobling.<\/p>\n<p>Kan med hell brukes ved overf\u00f8ring av \u00f8l fra Chronical Fermenter til fat og flasker uten \u00e5 risikere oksidering.<\/p>","protected":false},"featured_media":16140,"comment_status":"open","ping_status":"closed","template":"","meta":[],"product_brand":[],"product_cat":[257,91],"product_tag":[],"class_list":{"0":"post-14699","1":"product","2":"type-product","3":"status-publish","4":"has-post-thumbnail","6":"product_cat-gjaering-heimabrygg","7":"product_cat-heimabrygg","9":"first","10":"outofstock","11":"taxable","12":"shipping-taxable","13":"purchasable","14":"product-type-simple"},"_links":{"self":[{"href":"https:\/\/vossgass.no\/en\/wp-json\/wp\/v2\/product\/14699","targetHints":{"allow":["GET"]}}],"collection":[{"href":"https:\/\/vossgass.no\/en\/wp-json\/wp\/v2\/product"}],"about":[{"href":"https:\/\/vossgass.no\/en\/wp-json\/wp\/v2\/types\/product"}],"replies":[{"embeddable":true,"href":"https:\/\/vossgass.no\/en\/wp-json\/wp\/v2\/comments?post=14699"}],"wp:featuredmedia":[{"embeddable":true,"href":"https:\/\/vossgass.no\/en\/wp-json\/wp\/v2\/media\/16140"}],"wp:attachment":[{"href":"https:\/\/vossgass.no\/en\/wp-json\/wp\/v2\/media?parent=14699"}],"wp:term":[{"taxonomy":"product_brand","embeddable":true,"href":"https:\/\/vossgass.no\/en\/wp-json\/wp\/v2\/product_brand?post=14699"},{"taxonomy":"product_cat","embeddable":true,"href":"https:\/\/vossgass.no\/en\/wp-json\/wp\/v2\/product_cat?post=14699"},{"taxonomy":"product_tag","embeddable":true,"href":"https:\/\/vossgass.no\/en\/wp-json\/wp\/v2\/product_tag?post=14699"}],"curies":[{"name":"wp","href":"https:\/\/api.w.org\/{rel}","templated":true}]}}