{"id":14698,"date":"2025-04-15T15:07:55","date_gmt":"2025-04-15T13:07:55","guid":{"rendered":"https:\/\/vossgass.no\/produkt\/karboneringslokk-cornelius-m-05-micron-karb-stein\/"},"modified":"2026-02-25T15:03:56","modified_gmt":"2026-02-25T14:03:56","slug":"karboneringslokk-cornelius-m-05-micron-karb-stein","status":"publish","type":"product","link":"https:\/\/vossgass.no\/en\/product\/karboneringslokk-cornelius-m-05-micron-karb-stein\/","title":{"rendered":"Karboneringslokk Cornelius m\/ 0,5 micron karb.stein"},"content":{"rendered":"","protected":false},"excerpt":{"rendered":"<p>Brukes til hurtigkarbonering av \u00f8l p\u00e5 Corneliusfat. Lokket har kobling for Co2 ball-lock for enkel bruk. Kommer med karboneringssten p\u00e5 slange og pakning.<\/p>\n<p>Produsentens beskrivelse:<\/p>\n<p>Simply connect your gas quick disconnect to the included fitting on the lid and allow carbonation to begin. Sometimes also called a carbonater. We constructed the lid by welding on a 1\/4&#8243; barb to the underside of the lid. To that we attached 2&#8242; of 1\/4&#8243; ID tubing that attaches to a .5 micron carbonation stone on the other end. The flexible tubing, as opposed to rigid tubing, allows the lid inserted into any cornelius style keg.<\/p>\n<p>The top of the lid has a &laquo;gas in&raquo; ball lock body connect welded in place that works with the KEG710 and KEG730 gas quick disconnects. How to use this product: Beer must be stored cold 34\u201340\u00b0F<\/p>\n<p>Preboil the stone for 2\u20133 minutes before using. This assures you that your stone is sterile and any residual oils have been boiled off.<br \/>\nSanitize the whole keg lid before submersing into your keg filled with beer.<br \/>\nSet your PSI on your regulator to 3\u20134psi and attach your gas in fitting to the body connect on the lid. Leave keg at this pressure for 1 hour.<br \/>\nRaise your pressure 2PSI per hour until you reach 10\u201312psi. Leave it at 10\u201312psi for 24 hours. Pour a pint and test the carbonation. If you think your beer needs more CO2 leave for another 4\u20136 hours and have another pint.<br \/>\nRemove carbonation lid after carbonation level is satisfactory. Return original keg lid for long term storage.<\/p>","protected":false},"featured_media":19539,"comment_status":"open","ping_status":"closed","template":"","meta":[],"product_brand":[],"product_cat":[257,91],"product_tag":[],"class_list":{"0":"post-14698","1":"product","2":"type-product","3":"status-publish","4":"has-post-thumbnail","6":"product_cat-gjaering-heimabrygg","7":"product_cat-heimabrygg","9":"first","10":"instock","11":"taxable","12":"shipping-taxable","13":"purchasable","14":"product-type-simple"},"_links":{"self":[{"href":"https:\/\/vossgass.no\/en\/wp-json\/wp\/v2\/product\/14698","targetHints":{"allow":["GET"]}}],"collection":[{"href":"https:\/\/vossgass.no\/en\/wp-json\/wp\/v2\/product"}],"about":[{"href":"https:\/\/vossgass.no\/en\/wp-json\/wp\/v2\/types\/product"}],"replies":[{"embeddable":true,"href":"https:\/\/vossgass.no\/en\/wp-json\/wp\/v2\/comments?post=14698"}],"wp:featuredmedia":[{"embeddable":true,"href":"https:\/\/vossgass.no\/en\/wp-json\/wp\/v2\/media\/19539"}],"wp:attachment":[{"href":"https:\/\/vossgass.no\/en\/wp-json\/wp\/v2\/media?parent=14698"}],"wp:term":[{"taxonomy":"product_brand","embeddable":true,"href":"https:\/\/vossgass.no\/en\/wp-json\/wp\/v2\/product_brand?post=14698"},{"taxonomy":"product_cat","embeddable":true,"href":"https:\/\/vossgass.no\/en\/wp-json\/wp\/v2\/product_cat?post=14698"},{"taxonomy":"product_tag","embeddable":true,"href":"https:\/\/vossgass.no\/en\/wp-json\/wp\/v2\/product_tag?post=14698"}],"curies":[{"name":"wp","href":"https:\/\/api.w.org\/{rel}","templated":true}]}}