{"id":14694,"date":"2025-04-15T15:07:08","date_gmt":"2025-04-15T13:07:08","guid":{"rendered":"https:\/\/vossgass.no\/produkt\/regulator-til-oksygenflaske\/"},"modified":"2025-09-23T10:57:19","modified_gmt":"2025-09-23T08:57:19","slug":"regulator-til-oksygenflaske","status":"publish","type":"product","link":"https:\/\/vossgass.no\/en\/product\/regulator-til-oksygenflaske\/","title":{"rendered":"Regulator til oksygenflaske"},"content":{"rendered":"","protected":false},"excerpt":{"rendered":"<p>Regulator som passer p\u00e5 v\u00e5re oksygenflasker. Nippelen er p\u00e5 7 mm. Vi anbefaler \u00e5 bruke slangeklemme (nr. 8) n\u00e5r man fester slanger p\u00e5 denne. V\u00e6r oppmerksom p\u00e5 at ren oksygen ikke m\u00e5 komme i kontakt med fett eller olje.<\/p>\n<p>Vi anbefaler \u00e5 koble regulatoren fra oksygenflasken etter bruk for \u00e5 v\u00e6re sikker p\u00e5 at den er helt tett under lagring.<\/p>","protected":false},"featured_media":16135,"comment_status":"open","ping_status":"closed","template":"","meta":[],"product_brand":[],"product_cat":[257,91],"product_tag":[],"class_list":{"0":"post-14694","1":"product","2":"type-product","3":"status-publish","4":"has-post-thumbnail","6":"product_cat-gjaering-heimabrygg","7":"product_cat-heimabrygg","9":"first","10":"instock","11":"taxable","12":"shipping-taxable","13":"purchasable","14":"product-type-simple"},"_links":{"self":[{"href":"https:\/\/vossgass.no\/en\/wp-json\/wp\/v2\/product\/14694","targetHints":{"allow":["GET"]}}],"collection":[{"href":"https:\/\/vossgass.no\/en\/wp-json\/wp\/v2\/product"}],"about":[{"href":"https:\/\/vossgass.no\/en\/wp-json\/wp\/v2\/types\/product"}],"replies":[{"embeddable":true,"href":"https:\/\/vossgass.no\/en\/wp-json\/wp\/v2\/comments?post=14694"}],"wp:featuredmedia":[{"embeddable":true,"href":"https:\/\/vossgass.no\/en\/wp-json\/wp\/v2\/media\/16135"}],"wp:attachment":[{"href":"https:\/\/vossgass.no\/en\/wp-json\/wp\/v2\/media?parent=14694"}],"wp:term":[{"taxonomy":"product_brand","embeddable":true,"href":"https:\/\/vossgass.no\/en\/wp-json\/wp\/v2\/product_brand?post=14694"},{"taxonomy":"product_cat","embeddable":true,"href":"https:\/\/vossgass.no\/en\/wp-json\/wp\/v2\/product_cat?post=14694"},{"taxonomy":"product_tag","embeddable":true,"href":"https:\/\/vossgass.no\/en\/wp-json\/wp\/v2\/product_tag?post=14694"}],"curies":[{"name":"wp","href":"https:\/\/api.w.org\/{rel}","templated":true}]}}