{"id":14693,"date":"2025-04-15T15:06:57","date_gmt":"2025-04-15T13:06:57","guid":{"rendered":"https:\/\/vossgass.no\/produkt\/co2-utak-for-tre-3-4-kryss\/"},"modified":"2025-09-23T10:57:19","modified_gmt":"2025-09-23T08:57:19","slug":"co2-utak-for-tre-3-4-kryss","status":"publish","type":"product","link":"https:\/\/vossgass.no\/en\/product\/co2-utak-for-tre-3-4-kryss\/","title":{"rendered":"Co2 utak for tre 3\/4 Kryss"},"content":{"rendered":"","protected":false},"excerpt":{"rendered":"<p>BESTSELGER TIL BRYGGERIER!<\/p>\n<p>Lindr KONTAKT 40 K\/Profi (Med luftkompressor og trykkjustering) har h\u00f8y ytelse, sm\u00e5 dimensjoner og regulert luftsystem. Den \u00e5pner for nye muligheter for faglig og kommersiell bruk.<\/p>\n<p>Denne kj\u00f8leren har en kontinuerlig kj\u00f8lekapasitet p\u00e5 35-40l \/ t, Maks. 50 l \/ t.<\/p>\n<p>Trykket kan justeres ved hjelp av skruen ved siden av manometeret og i omr\u00e5det mellom 1-3 bar.<\/p>\n<p>Den moderne kompressorkj\u00f8leenheten bruker str\u00f8minngangen for direkte overf\u00f8ring til kj\u00f8ling, noe som garanterer minimum energiforbruk.<\/p>\n<p>Utmerket kj\u00f8lt \u00f8l vil v\u00e6re klar i termoblokken p\u00e5 5-8 minutter etter at kj\u00f8leanlegget er sl\u00e5tt p\u00e5.<\/p>\n<p>All utvendig konstruksjon er laget av rustfritt st\u00e5l for \u00e5 gi en mer ren og estetisk utseende.<\/p>\n<p>Materialene som brukes oppfyller de h\u00f8yeste kravene til hygiene standarder og garanterer en lang levetid p\u00e5 denne kj\u00f8leren.<\/p>\n<p>Denne maskinen kommer med en dryppsk\u00e5l i rustfritt st\u00e5l og en justerbar temperaturkontroll med 7 forskjellige innstillinger.<\/p>\n<p>To gripeh\u00e5ndtak p\u00e5 toppen av maskinen gj\u00f8r at maskinen kan flyttet med letthet.<\/p>\n<p>Pygm\u00e9 kj\u00f8lere har blitt anerkjent av eksperter som kj\u00f8ler \u00f8l med det beste forholdet mellom pris \/ ytelse \/ kvalitet \/ dimensjon.<\/p>\n<p>(Med luftkopressor som gj\u00f8r at du slipper \u00e5 ha tilkoblet Co2 for \u00e5 transportere \u00f8let fra fatet)<\/p>","protected":false},"featured_media":16134,"comment_status":"open","ping_status":"closed","template":"","meta":[],"product_brand":[],"product_cat":[257,91],"product_tag":[],"class_list":{"0":"post-14693","1":"product","2":"type-product","3":"status-publish","4":"has-post-thumbnail","6":"product_cat-gjaering-heimabrygg","7":"product_cat-heimabrygg","9":"first","10":"instock","11":"taxable","12":"shipping-taxable","13":"purchasable","14":"product-type-simple"},"_links":{"self":[{"href":"https:\/\/vossgass.no\/en\/wp-json\/wp\/v2\/product\/14693","targetHints":{"allow":["GET"]}}],"collection":[{"href":"https:\/\/vossgass.no\/en\/wp-json\/wp\/v2\/product"}],"about":[{"href":"https:\/\/vossgass.no\/en\/wp-json\/wp\/v2\/types\/product"}],"replies":[{"embeddable":true,"href":"https:\/\/vossgass.no\/en\/wp-json\/wp\/v2\/comments?post=14693"}],"wp:featuredmedia":[{"embeddable":true,"href":"https:\/\/vossgass.no\/en\/wp-json\/wp\/v2\/media\/16134"}],"wp:attachment":[{"href":"https:\/\/vossgass.no\/en\/wp-json\/wp\/v2\/media?parent=14693"}],"wp:term":[{"taxonomy":"product_brand","embeddable":true,"href":"https:\/\/vossgass.no\/en\/wp-json\/wp\/v2\/product_brand?post=14693"},{"taxonomy":"product_cat","embeddable":true,"href":"https:\/\/vossgass.no\/en\/wp-json\/wp\/v2\/product_cat?post=14693"},{"taxonomy":"product_tag","embeddable":true,"href":"https:\/\/vossgass.no\/en\/wp-json\/wp\/v2\/product_tag?post=14693"}],"curies":[{"name":"wp","href":"https:\/\/api.w.org\/{rel}","templated":true}]}}