{"id":14684,"date":"2025-04-15T15:05:16","date_gmt":"2025-04-15T13:05:16","guid":{"rendered":"https:\/\/vossgass.no\/produkt\/slangenippel-7mm-x-5-8\/"},"modified":"2025-09-23T10:56:45","modified_gmt":"2025-09-23T08:56:45","slug":"slangenippel-7mm-x-5-8","status":"publish","type":"product","link":"https:\/\/vossgass.no\/en\/product\/slangenippel-7mm-x-5-8\/","title":{"rendered":"Slangenippel 7mm x 5\/8&#8243;"},"content":{"rendered":"","protected":false},"excerpt":{"rendered":"<p>Nippel med mutter og pakning for \u00e5 montere \u00f8lslange p\u00e5 Perlick gjennomf\u00f8ringer<\/p>\n<p>Denne passer med PET 3\/8 slange og 3\/16 UBS slange.<\/p>\n<p>Spesifikasjoner<br \/>\nNippel   \t3\/16&#8243;<br \/>\nMutter  \t5\/8&#8243; BSP<br \/>\nPakning<br \/>\nMateriale\tRustfritt (304)<\/p>","protected":false},"featured_media":16125,"comment_status":"open","ping_status":"closed","template":"","meta":[],"product_brand":[],"product_cat":[256,91],"product_tag":[],"class_list":{"0":"post-14684","1":"product","2":"type-product","3":"status-publish","4":"has-post-thumbnail","6":"product_cat-bryggeutstyr-heimabrygg","7":"product_cat-heimabrygg","9":"first","10":"instock","11":"taxable","12":"shipping-taxable","13":"purchasable","14":"product-type-simple"},"_links":{"self":[{"href":"https:\/\/vossgass.no\/en\/wp-json\/wp\/v2\/product\/14684","targetHints":{"allow":["GET"]}}],"collection":[{"href":"https:\/\/vossgass.no\/en\/wp-json\/wp\/v2\/product"}],"about":[{"href":"https:\/\/vossgass.no\/en\/wp-json\/wp\/v2\/types\/product"}],"replies":[{"embeddable":true,"href":"https:\/\/vossgass.no\/en\/wp-json\/wp\/v2\/comments?post=14684"}],"wp:featuredmedia":[{"embeddable":true,"href":"https:\/\/vossgass.no\/en\/wp-json\/wp\/v2\/media\/16125"}],"wp:attachment":[{"href":"https:\/\/vossgass.no\/en\/wp-json\/wp\/v2\/media?parent=14684"}],"wp:term":[{"taxonomy":"product_brand","embeddable":true,"href":"https:\/\/vossgass.no\/en\/wp-json\/wp\/v2\/product_brand?post=14684"},{"taxonomy":"product_cat","embeddable":true,"href":"https:\/\/vossgass.no\/en\/wp-json\/wp\/v2\/product_cat?post=14684"},{"taxonomy":"product_tag","embeddable":true,"href":"https:\/\/vossgass.no\/en\/wp-json\/wp\/v2\/product_tag?post=14684"}],"curies":[{"name":"wp","href":"https:\/\/api.w.org\/{rel}","templated":true}]}}