{"id":14673,"date":"2025-04-15T15:03:18","date_gmt":"2025-04-15T13:03:18","guid":{"rendered":"https:\/\/vossgass.no\/produkt\/soda-stream-adapter\/"},"modified":"2026-02-27T12:16:40","modified_gmt":"2026-02-27T11:16:40","slug":"soda-stream-adapter","status":"publish","type":"product","link":"https:\/\/vossgass.no\/en\/product\/soda-stream-adapter\/","title":{"rendered":"Soda Stream Adapter"},"content":{"rendered":"","protected":false},"excerpt":{"rendered":"<p>Overgang fra 425g AGA co2 flaske til regulator.<br \/>\nPasser bl.a. til &laquo;sodastream&raquo; flasker.<\/p>\n<p>Pakning f\u00f8lger med.<\/p>\n<p>Merk! &laquo;N\u00e5len&raquo; som sitter inni adapteret kan justeres i h\u00f8yden. Disse er satt inn manuelt hos produsenten og er derfor sjeldent perfekt justert for co2 beholdere.<br \/>\nHvis man pr\u00f8ver \u00e5 skru denne p\u00e5 en AGA flaske og man opplever at co2 lekker ut koblingen er det fordi &laquo;n\u00e5len&raquo; sitter for langt ut og m\u00e5 skrus litt inn.<\/p>","protected":false},"featured_media":18876,"comment_status":"open","ping_status":"closed","template":"","meta":[],"product_brand":[],"product_cat":[257,91],"product_tag":[],"class_list":{"0":"post-14673","1":"product","2":"type-product","3":"status-publish","4":"has-post-thumbnail","6":"product_cat-gjaering-heimabrygg","7":"product_cat-heimabrygg","9":"first","10":"instock","11":"taxable","12":"shipping-taxable","13":"purchasable","14":"product-type-simple"},"_links":{"self":[{"href":"https:\/\/vossgass.no\/en\/wp-json\/wp\/v2\/product\/14673","targetHints":{"allow":["GET"]}}],"collection":[{"href":"https:\/\/vossgass.no\/en\/wp-json\/wp\/v2\/product"}],"about":[{"href":"https:\/\/vossgass.no\/en\/wp-json\/wp\/v2\/types\/product"}],"replies":[{"embeddable":true,"href":"https:\/\/vossgass.no\/en\/wp-json\/wp\/v2\/comments?post=14673"}],"wp:featuredmedia":[{"embeddable":true,"href":"https:\/\/vossgass.no\/en\/wp-json\/wp\/v2\/media\/18876"}],"wp:attachment":[{"href":"https:\/\/vossgass.no\/en\/wp-json\/wp\/v2\/media?parent=14673"}],"wp:term":[{"taxonomy":"product_brand","embeddable":true,"href":"https:\/\/vossgass.no\/en\/wp-json\/wp\/v2\/product_brand?post=14673"},{"taxonomy":"product_cat","embeddable":true,"href":"https:\/\/vossgass.no\/en\/wp-json\/wp\/v2\/product_cat?post=14673"},{"taxonomy":"product_tag","embeddable":true,"href":"https:\/\/vossgass.no\/en\/wp-json\/wp\/v2\/product_tag?post=14673"}],"curies":[{"name":"wp","href":"https:\/\/api.w.org\/{rel}","templated":true}]}}