{"id":14667,"date":"2025-04-15T15:02:05","date_gmt":"2025-04-15T13:02:05","guid":{"rendered":"https:\/\/vossgass.no\/produkt\/gjaeringskar-30l-med-kran\/"},"modified":"2026-03-20T16:34:14","modified_gmt":"2026-03-20T15:34:14","slug":"gjaeringskar-30l-med-kran","status":"publish","type":"product","link":"https:\/\/vossgass.no\/en\/product\/gjaeringskar-30l-med-kran\/","title":{"rendered":"Gj\u00e6ringskar 30L med kran og gj\u00e6rl\u00e5s."},"content":{"rendered":"","protected":false},"excerpt":{"rendered":"<p>Gj\u00e6ringsb\u00f8tte i n\u00e6ringsmiddelgodkjent PP plast.<br \/>\nAvtagbar tappekran, lokk og gj\u00e6rl\u00e5s med pakning er inkludert.<\/p>\n<p>B\u00f8tta er 30L men er ikke egnet til \u00e5 gj\u00e6re mer enn 25 liter \u00f8l.<\/p>\n<p>NB!<br \/>\nEttersom alle deler er laget av plast er det alltid en risiko for lekkasje under bruk.<br \/>\nDerfor anbefaler vi alltid \u00e5 plassere b\u00f8tten p\u00e5 et egnet sted som kan t\u00e5le en evt. lekkasje.<\/p>","protected":false},"featured_media":19047,"comment_status":"open","ping_status":"closed","template":"","meta":[],"product_brand":[],"product_cat":[256,91],"product_tag":[],"class_list":{"0":"post-14667","1":"product","2":"type-product","3":"status-publish","4":"has-post-thumbnail","6":"product_cat-bryggeutstyr-heimabrygg","7":"product_cat-heimabrygg","8":"product_shipping_class-kan-ikke-sendes","10":"first","11":"instock","12":"taxable","13":"shipping-taxable","14":"purchasable","15":"product-type-simple"},"_links":{"self":[{"href":"https:\/\/vossgass.no\/en\/wp-json\/wp\/v2\/product\/14667","targetHints":{"allow":["GET"]}}],"collection":[{"href":"https:\/\/vossgass.no\/en\/wp-json\/wp\/v2\/product"}],"about":[{"href":"https:\/\/vossgass.no\/en\/wp-json\/wp\/v2\/types\/product"}],"replies":[{"embeddable":true,"href":"https:\/\/vossgass.no\/en\/wp-json\/wp\/v2\/comments?post=14667"}],"wp:featuredmedia":[{"embeddable":true,"href":"https:\/\/vossgass.no\/en\/wp-json\/wp\/v2\/media\/19047"}],"wp:attachment":[{"href":"https:\/\/vossgass.no\/en\/wp-json\/wp\/v2\/media?parent=14667"}],"wp:term":[{"taxonomy":"product_brand","embeddable":true,"href":"https:\/\/vossgass.no\/en\/wp-json\/wp\/v2\/product_brand?post=14667"},{"taxonomy":"product_cat","embeddable":true,"href":"https:\/\/vossgass.no\/en\/wp-json\/wp\/v2\/product_cat?post=14667"},{"taxonomy":"product_tag","embeddable":true,"href":"https:\/\/vossgass.no\/en\/wp-json\/wp\/v2\/product_tag?post=14667"}],"curies":[{"name":"wp","href":"https:\/\/api.w.org\/{rel}","templated":true}]}}